{"id":2598,"date":"2025-08-07T12:41:06","date_gmt":"2025-08-07T09:41:06","guid":{"rendered":"https:\/\/rounds.gg\/mediasetti\/"},"modified":"2026-02-02T21:02:53","modified_gmt":"2026-02-02T19:02:53","slug":"mediasetti","status":"publish","type":"page","link":"https:\/\/rounds.gg\/fi\/mediasetti\/","title":{"rendered":"Mediasetti"},"content":{"rendered":"\t\t<div data-elementor-type=\"wp-page\" data-elementor-id=\"2598\" class=\"elementor elementor-2598 elementor-73\" data-elementor-post-type=\"page\">\n\t\t\t\t<div class=\"elementor-element elementor-element-c79d163 e-flex e-con-boxed e-con e-parent\" data-id=\"c79d163\" data-element_type=\"container\" data-e-type=\"container\">\n\t\t\t\t\t<div class=\"e-con-inner\">\n\t\t\t\t<div class=\"elementor-element elementor-element-e04f18f elementor-widget elementor-widget-spacer\" data-id=\"e04f18f\" data-element_type=\"widget\" data-e-type=\"widget\" data-widget_type=\"spacer.default\">\n\t\t\t\t\t\t\t<div class=\"elementor-spacer\">\n\t\t\t<div class=\"elementor-spacer-inner\"><\/div>\n\t\t<\/div>\n\t\t\t\t\t\t<\/div>\n\t\t\t\t\t<\/div>\n\t\t\t\t<\/div>\n\t\t<div class=\"elementor-element elementor-element-3232985 e-flex e-con-boxed e-con e-parent\" data-id=\"3232985\" data-element_type=\"container\" data-e-type=\"container\">\n\t\t\t\t\t<div class=\"e-con-inner\">\n\t\t<div class=\"elementor-element elementor-element-f3a57f0 e-con-full e-flex e-con e-child\" data-id=\"f3a57f0\" data-element_type=\"container\" data-e-type=\"container\">\n\t\t\t\t<div class=\"elementor-element elementor-element-cd064ee elementor-widget elementor-widget-image\" data-id=\"cd064ee\" data-element_type=\"widget\" data-e-type=\"widget\" download=\"Rounds_classic.png\" data-widget_type=\"image.default\">\n\t\t\t\t\t\t\t\t\t\t\t\t\t\t\t<img fetchpriority=\"high\" decoding=\"async\" width=\"800\" height=\"800\" src=\"https:\/\/rounds.gg\/wp-content\/uploads\/2025\/09\/Rounds_classic-1024x1024.png\" class=\"attachment-large size-large wp-image-2600\" alt=\"\" srcset=\"https:\/\/rounds.gg\/wp-content\/uploads\/2025\/09\/Rounds_classic-1024x1024.png 1024w, https:\/\/rounds.gg\/wp-content\/uploads\/2025\/09\/Rounds_classic-300x300.png 300w, https:\/\/rounds.gg\/wp-content\/uploads\/2025\/09\/Rounds_classic-150x150.png 150w, https:\/\/rounds.gg\/wp-content\/uploads\/2025\/09\/Rounds_classic-768x768.png 768w, https:\/\/rounds.gg\/wp-content\/uploads\/2025\/09\/Rounds_classic-1536x1536.png 1536w, https:\/\/rounds.gg\/wp-content\/uploads\/2025\/09\/Rounds_classic-1320x1320.png 1320w, https:\/\/rounds.gg\/wp-content\/uploads\/2025\/09\/Rounds_classic-600x600.png 600w, https:\/\/rounds.gg\/wp-content\/uploads\/2025\/09\/Rounds_classic-100x100.png 100w, https:\/\/rounds.gg\/wp-content\/uploads\/2025\/09\/Rounds_classic.png 1800w\" sizes=\"(max-width: 800px) 100vw, 800px\" \/>\t\t\t\t\t\t\t\t\t\t\t\t\t\t\t<\/div>\n\t\t\t\t<\/div>\n\t\t<div class=\"elementor-element elementor-element-3d0f35f e-con-full e-flex e-con e-child\" data-id=\"3d0f35f\" data-element_type=\"container\" data-e-type=\"container\">\n\t\t\t\t<div class=\"elementor-element elementor-element-443334a elementor-widget elementor-widget-image\" data-id=\"443334a\" data-element_type=\"widget\" data-e-type=\"widget\" data-widget_type=\"image.default\">\n\t\t\t\t\t\t\t\t\t\t\t\t\t\t\t<img decoding=\"async\" width=\"800\" height=\"800\" src=\"https:\/\/rounds.gg\/wp-content\/uploads\/2025\/09\/transparent_classic_black-1024x1024.png\" class=\"attachment-large size-large wp-image-2602\" alt=\"\" srcset=\"https:\/\/rounds.gg\/wp-content\/uploads\/2025\/09\/transparent_classic_black-1024x1024.png 1024w, https:\/\/rounds.gg\/wp-content\/uploads\/2025\/09\/transparent_classic_black-300x300.png 300w, https:\/\/rounds.gg\/wp-content\/uploads\/2025\/09\/transparent_classic_black-150x150.png 150w, https:\/\/rounds.gg\/wp-content\/uploads\/2025\/09\/transparent_classic_black-768x768.png 768w, https:\/\/rounds.gg\/wp-content\/uploads\/2025\/09\/transparent_classic_black-1536x1536.png 1536w, https:\/\/rounds.gg\/wp-content\/uploads\/2025\/09\/transparent_classic_black-1320x1320.png 1320w, https:\/\/rounds.gg\/wp-content\/uploads\/2025\/09\/transparent_classic_black-600x600.png 600w, https:\/\/rounds.gg\/wp-content\/uploads\/2025\/09\/transparent_classic_black-100x100.png 100w, https:\/\/rounds.gg\/wp-content\/uploads\/2025\/09\/transparent_classic_black.png 1800w\" sizes=\"(max-width: 800px) 100vw, 800px\" \/>\t\t\t\t\t\t\t\t\t\t\t\t\t\t\t<\/div>\n\t\t\t\t<\/div>\n\t\t<div class=\"elementor-element elementor-element-9cd5dea e-con-full e-flex e-con e-child\" data-id=\"9cd5dea\" data-element_type=\"container\" data-e-type=\"container\">\n\t\t\t\t<div class=\"elementor-element elementor-element-a1b653f elementor-widget elementor-widget-image\" data-id=\"a1b653f\" data-element_type=\"widget\" data-e-type=\"widget\" data-widget_type=\"image.default\">\n\t\t\t\t\t\t\t\t\t\t\t\t\t\t\t<img decoding=\"async\" width=\"800\" height=\"800\" src=\"https:\/\/rounds.gg\/wp-content\/uploads\/2025\/09\/transparent_classic_white-1024x1024.png\" class=\"attachment-large size-large wp-image-2603\" alt=\"\" srcset=\"https:\/\/rounds.gg\/wp-content\/uploads\/2025\/09\/transparent_classic_white-1024x1024.png 1024w, https:\/\/rounds.gg\/wp-content\/uploads\/2025\/09\/transparent_classic_white-300x300.png 300w, https:\/\/rounds.gg\/wp-content\/uploads\/2025\/09\/transparent_classic_white-150x150.png 150w, https:\/\/rounds.gg\/wp-content\/uploads\/2025\/09\/transparent_classic_white-768x768.png 768w, https:\/\/rounds.gg\/wp-content\/uploads\/2025\/09\/transparent_classic_white-1536x1536.png 1536w, https:\/\/rounds.gg\/wp-content\/uploads\/2025\/09\/transparent_classic_white-1320x1320.png 1320w, https:\/\/rounds.gg\/wp-content\/uploads\/2025\/09\/transparent_classic_white-600x600.png 600w, https:\/\/rounds.gg\/wp-content\/uploads\/2025\/09\/transparent_classic_white-100x100.png 100w, https:\/\/rounds.gg\/wp-content\/uploads\/2025\/09\/transparent_classic_white.png 1800w\" sizes=\"(max-width: 800px) 100vw, 800px\" \/>\t\t\t\t\t\t\t\t\t\t\t\t\t\t\t<\/div>\n\t\t\t\t<\/div>\n\t\t<div class=\"elementor-element elementor-element-df66a4f e-con-full e-flex e-con e-child\" data-id=\"df66a4f\" data-element_type=\"container\" data-e-type=\"container\">\n\t\t\t\t<div class=\"elementor-element elementor-element-d991655 elementor-widget elementor-widget-text-editor\" data-id=\"d991655\" data-element_type=\"widget\" data-e-type=\"widget\" data-widget_type=\"text-editor.default\">\n\t\t\t\t\t\t\t\t\t<p>P\u00c4\u00c4LOGO<\/p><ul><li>K\u00e4yt\u00f6ss\u00e4 CS2:n ja Valorantin p\u00e4\u00e4joukkueilla<\/li><\/ul>\t\t\t\t\t\t\t\t<\/div>\n\t\t\t\t<\/div>\n\t\t<div class=\"elementor-element elementor-element-1d5b8eb e-con-full e-flex e-con e-child\" data-id=\"1d5b8eb\" data-element_type=\"container\" data-e-type=\"container\">\n\t\t\t\t<div class=\"elementor-element elementor-element-4925e5b elementor-widget elementor-widget-text-editor\" data-id=\"4925e5b\" data-element_type=\"widget\" data-e-type=\"widget\" data-widget_type=\"text-editor.default\">\n\t\t\t\t\t\t\t\t\t<p>MUSTA TILA (L\u00e4pin\u00e4kyv\u00e4)<\/p><ul><li>K\u00e4yt\u00e4 HUDissa, valkoisilla taustoilla<\/li><\/ul>\t\t\t\t\t\t\t\t<\/div>\n\t\t\t\t<\/div>\n\t\t<div class=\"elementor-element elementor-element-9e6866b e-con-full e-flex e-con e-child\" data-id=\"9e6866b\" data-element_type=\"container\" data-e-type=\"container\">\n\t\t\t\t<div class=\"elementor-element elementor-element-66cb90b elementor-widget elementor-widget-text-editor\" data-id=\"66cb90b\" data-element_type=\"widget\" data-e-type=\"widget\" data-widget_type=\"text-editor.default\">\n\t\t\t\t\t\t\t\t\t<p>VALKOINEN TILA (L\u00e4pin\u00e4kyv\u00e4)<\/p><ul><li>K\u00e4yt\u00e4 HUDissa, mustilla taustoilla<\/li><\/ul>\t\t\t\t\t\t\t\t<\/div>\n\t\t\t\t<\/div>\n\t\t\t\t\t<\/div>\n\t\t\t\t<\/div>\n\t\t<div class=\"elementor-element elementor-element-4301bfb e-flex e-con-boxed e-con e-parent\" data-id=\"4301bfb\" data-element_type=\"container\" data-e-type=\"container\">\n\t\t\t\t\t<div class=\"e-con-inner\">\n\t\t<div class=\"elementor-element elementor-element-0b00e95 e-con-full e-flex e-con e-child\" data-id=\"0b00e95\" data-element_type=\"container\" data-e-type=\"container\">\n\t\t<div class=\"elementor-element elementor-element-40446f5 e-con-full e-flex e-con e-child\" data-id=\"40446f5\" data-element_type=\"container\" data-e-type=\"container\">\n\t\t\t\t<div class=\"elementor-element elementor-element-9169f7b elementor-widget elementor-widget-image\" data-id=\"9169f7b\" data-element_type=\"widget\" data-e-type=\"widget\" data-widget_type=\"image.default\">\n\t\t\t\t\t\t\t\t\t\t\t\t\t\t\t<img loading=\"lazy\" decoding=\"async\" width=\"800\" height=\"800\" src=\"https:\/\/rounds.gg\/wp-content\/uploads\/2025\/09\/Rounds_greenmode-1024x1024.png\" class=\"attachment-large size-large wp-image-2601\" alt=\"\" srcset=\"https:\/\/rounds.gg\/wp-content\/uploads\/2025\/09\/Rounds_greenmode-1024x1024.png 1024w, https:\/\/rounds.gg\/wp-content\/uploads\/2025\/09\/Rounds_greenmode-300x300.png 300w, https:\/\/rounds.gg\/wp-content\/uploads\/2025\/09\/Rounds_greenmode-150x150.png 150w, https:\/\/rounds.gg\/wp-content\/uploads\/2025\/09\/Rounds_greenmode-768x768.png 768w, https:\/\/rounds.gg\/wp-content\/uploads\/2025\/09\/Rounds_greenmode-1536x1536.png 1536w, https:\/\/rounds.gg\/wp-content\/uploads\/2025\/09\/Rounds_greenmode-1320x1320.png 1320w, https:\/\/rounds.gg\/wp-content\/uploads\/2025\/09\/Rounds_greenmode-600x600.png 600w, https:\/\/rounds.gg\/wp-content\/uploads\/2025\/09\/Rounds_greenmode-100x100.png 100w, https:\/\/rounds.gg\/wp-content\/uploads\/2025\/09\/Rounds_greenmode.png 1800w\" sizes=\"(max-width: 800px) 100vw, 800px\" \/>\t\t\t\t\t\t\t\t\t\t\t\t\t\t\t<\/div>\n\t\t\t\t<\/div>\n\t\t<div class=\"elementor-element elementor-element-24e659e e-con-full e-flex e-con e-child\" data-id=\"24e659e\" data-element_type=\"container\" data-e-type=\"container\">\n\t\t\t\t<div class=\"elementor-element elementor-element-9c8aa65 elementor-widget elementor-widget-image\" data-id=\"9c8aa65\" data-element_type=\"widget\" data-e-type=\"widget\" data-widget_type=\"image.default\">\n\t\t\t\t\t\t\t\t\t\t\t\t\t\t\t<img loading=\"lazy\" decoding=\"async\" width=\"800\" height=\"800\" src=\"https:\/\/rounds.gg\/wp-content\/uploads\/2025\/09\/Rounds_blackmode-1024x1024.png\" class=\"attachment-large size-large wp-image-2599\" alt=\"\" srcset=\"https:\/\/rounds.gg\/wp-content\/uploads\/2025\/09\/Rounds_blackmode-1024x1024.png 1024w, https:\/\/rounds.gg\/wp-content\/uploads\/2025\/09\/Rounds_blackmode-300x300.png 300w, https:\/\/rounds.gg\/wp-content\/uploads\/2025\/09\/Rounds_blackmode-150x150.png 150w, https:\/\/rounds.gg\/wp-content\/uploads\/2025\/09\/Rounds_blackmode-768x768.png 768w, https:\/\/rounds.gg\/wp-content\/uploads\/2025\/09\/Rounds_blackmode-1536x1536.png 1536w, https:\/\/rounds.gg\/wp-content\/uploads\/2025\/09\/Rounds_blackmode-1320x1320.png 1320w, https:\/\/rounds.gg\/wp-content\/uploads\/2025\/09\/Rounds_blackmode-600x600.png 600w, https:\/\/rounds.gg\/wp-content\/uploads\/2025\/09\/Rounds_blackmode-100x100.png 100w, https:\/\/rounds.gg\/wp-content\/uploads\/2025\/09\/Rounds_blackmode.png 1800w\" sizes=\"(max-width: 800px) 100vw, 800px\" \/>\t\t\t\t\t\t\t\t\t\t\t\t\t\t\t<\/div>\n\t\t\t\t<\/div>\n\t\t<div class=\"elementor-element elementor-element-abdf262 e-con-full e-flex e-con e-child\" data-id=\"abdf262\" data-element_type=\"container\" data-e-type=\"container\">\n\t\t\t\t<div class=\"elementor-element elementor-element-a33d152 elementor-widget elementor-widget-image\" data-id=\"a33d152\" data-element_type=\"widget\" data-e-type=\"widget\" data-widget_type=\"image.default\">\n\t\t\t\t\t\t\t\t\t\t\t\t\t\t\t<img loading=\"lazy\" decoding=\"async\" width=\"800\" height=\"800\" src=\"https:\/\/rounds.gg\/wp-content\/uploads\/2025\/09\/junior-1024x1024.png\" class=\"attachment-large size-large wp-image-2604\" alt=\"\" srcset=\"https:\/\/rounds.gg\/wp-content\/uploads\/2025\/09\/junior-1024x1024.png 1024w, https:\/\/rounds.gg\/wp-content\/uploads\/2025\/09\/junior-300x300.png 300w, https:\/\/rounds.gg\/wp-content\/uploads\/2025\/09\/junior-150x150.png 150w, https:\/\/rounds.gg\/wp-content\/uploads\/2025\/09\/junior-768x768.png 768w, https:\/\/rounds.gg\/wp-content\/uploads\/2025\/09\/junior-1536x1536.png 1536w, https:\/\/rounds.gg\/wp-content\/uploads\/2025\/09\/junior-1320x1320.png 1320w, https:\/\/rounds.gg\/wp-content\/uploads\/2025\/09\/junior-600x600.png 600w, https:\/\/rounds.gg\/wp-content\/uploads\/2025\/09\/junior-100x100.png 100w, https:\/\/rounds.gg\/wp-content\/uploads\/2025\/09\/junior.png 1800w\" sizes=\"(max-width: 800px) 100vw, 800px\" \/>\t\t\t\t\t\t\t\t\t\t\t\t\t\t\t<\/div>\n\t\t\t\t<\/div>\n\t\t<div class=\"elementor-element elementor-element-9406cb3 e-con-full e-flex e-con e-child\" data-id=\"9406cb3\" data-element_type=\"container\" data-e-type=\"container\">\n\t\t\t\t<div class=\"elementor-element elementor-element-363c040 elementor-widget elementor-widget-text-editor\" data-id=\"363c040\" data-element_type=\"widget\" data-e-type=\"widget\" data-widget_type=\"text-editor.default\">\n\t\t\t\t\t\t\t\t\t<p>Rocket League<\/p><ul><li>K\u00e4yt\u00f6ss\u00e4 Rocket League -joukkueella<\/li><\/ul>\t\t\t\t\t\t\t\t<\/div>\n\t\t\t\t<\/div>\n\t\t<div class=\"elementor-element elementor-element-757b29a e-con-full e-flex e-con e-child\" data-id=\"757b29a\" data-element_type=\"container\" data-e-type=\"container\">\n\t\t\t\t<div class=\"elementor-element elementor-element-8d385b9 elementor-widget elementor-widget-text-editor\" data-id=\"8d385b9\" data-element_type=\"widget\" data-e-type=\"widget\" data-widget_type=\"text-editor.default\">\n\t\t\t\t\t\t\t\t\t<p>VIHRE\u00c4 TILA<\/p><ul><li>K\u00e4yt\u00f6ss\u00e4 League of Legends -joukkueella, UNITY<\/li><\/ul>\t\t\t\t\t\t\t\t<\/div>\n\t\t\t\t<\/div>\n\t\t<div class=\"elementor-element elementor-element-4ad8a96 e-con-full e-flex e-con e-child\" data-id=\"4ad8a96\" data-element_type=\"container\" data-e-type=\"container\">\n\t\t\t\t<div class=\"elementor-element elementor-element-d754322 elementor-widget elementor-widget-text-editor\" data-id=\"d754322\" data-element_type=\"widget\" data-e-type=\"widget\" data-widget_type=\"text-editor.default\">\n\t\t\t\t\t\t\t\t\t<p>TULEVAT<\/p><ul><li>K\u00e4yt\u00f6ss\u00e4 FUTURE CS2 -joukkueella<\/li><\/ul>\t\t\t\t\t\t\t\t<\/div>\n\t\t\t\t<\/div>\n\t\t\t\t<\/div>\n\t\t\t\t\t<\/div>\n\t\t\t\t<\/div>\n\t\t<div class=\"elementor-element elementor-element-88cb765 e-flex e-con-boxed e-con e-parent\" data-id=\"88cb765\" data-element_type=\"container\" data-e-type=\"container\">\n\t\t\t\t\t<div class=\"e-con-inner\">\n\t\t\t\t<div class=\"elementor-element elementor-element-755a5bc elementor-widget elementor-widget-spacer\" data-id=\"755a5bc\" data-element_type=\"widget\" data-e-type=\"widget\" data-widget_type=\"spacer.default\">\n\t\t\t\t\t\t\t<div class=\"elementor-spacer\">\n\t\t\t<div class=\"elementor-spacer-inner\"><\/div>\n\t\t<\/div>\n\t\t\t\t\t\t<\/div>\n\t\t\t\t\t<\/div>\n\t\t\t\t<\/div>\n\t\t\t\t<\/div>\n\t\t","protected":false},"excerpt":{"rendered":"<p>P\u00c4\u00c4LOGO K\u00e4yt\u00f6ss\u00e4 CS2:n ja Valorantin p\u00e4\u00e4joukkueilla MUSTA TILA (L\u00e4pin\u00e4kyv\u00e4) K\u00e4yt\u00e4 HUDissa, valkoisilla taustoilla VALKOINEN TILA (L\u00e4pin\u00e4kyv\u00e4) K\u00e4yt\u00e4 HUDissa, mustilla taustoilla Rocket League K\u00e4yt\u00f6ss\u00e4 Rocket League -joukkueella VIHRE\u00c4 TILA K\u00e4yt\u00f6ss\u00e4 League of Legends -joukkueella, UNITY TULEVAT K\u00e4yt\u00f6ss\u00e4 FUTURE CS2 -joukkueella<\/p>\n","protected":false},"author":2,"featured_media":0,"parent":0,"menu_order":0,"comment_status":"closed","ping_status":"closed","template":"","meta":{"footnotes":""},"class_list":["post-2598","page","type-page","status-publish","hentry"],"yoast_head":"<!-- This site is optimized with the Yoast SEO plugin v27.3 - https:\/\/yoast.com\/product\/yoast-seo-wordpress\/ -->\n<title>Mediasetti - ROUNDS<\/title>\n<meta name=\"robots\" content=\"index, follow, max-snippet:-1, max-image-preview:large, max-video-preview:-1\" \/>\n<link rel=\"canonical\" href=\"https:\/\/rounds.gg\/fi\/mediasetti\/\" \/>\n<meta property=\"og:locale\" content=\"fi_FI\" \/>\n<meta property=\"og:type\" content=\"article\" \/>\n<meta property=\"og:title\" content=\"Mediasetti - ROUNDS\" \/>\n<meta property=\"og:description\" content=\"P\u00c4\u00c4LOGO K\u00e4yt\u00f6ss\u00e4 CS2:n ja Valorantin p\u00e4\u00e4joukkueilla MUSTA TILA (L\u00e4pin\u00e4kyv\u00e4) K\u00e4yt\u00e4 HUDissa, valkoisilla taustoilla VALKOINEN TILA (L\u00e4pin\u00e4kyv\u00e4) K\u00e4yt\u00e4 HUDissa, mustilla taustoilla Rocket League K\u00e4yt\u00f6ss\u00e4 Rocket League -joukkueella VIHRE\u00c4 TILA K\u00e4yt\u00f6ss\u00e4 League of Legends -joukkueella, UNITY TULEVAT K\u00e4yt\u00f6ss\u00e4 FUTURE CS2 -joukkueella\" \/>\n<meta property=\"og:url\" content=\"https:\/\/rounds.gg\/fi\/mediasetti\/\" \/>\n<meta property=\"og:site_name\" content=\"ROUNDS\" \/>\n<meta property=\"article:modified_time\" content=\"2026-02-02T19:02:53+00:00\" \/>\n<meta property=\"og:image\" content=\"https:\/\/rounds.gg\/wp-content\/uploads\/2025\/09\/Rounds_classic.png\" \/>\n\t<meta property=\"og:image:width\" content=\"1800\" \/>\n\t<meta property=\"og:image:height\" content=\"1800\" \/>\n\t<meta property=\"og:image:type\" content=\"image\/png\" \/>\n<meta name=\"twitter:card\" content=\"summary_large_image\" \/>\n<meta name=\"twitter:site\" content=\"@RoundsGG\" \/>\n<script type=\"application\/ld+json\" class=\"yoast-schema-graph\">{\"@context\":\"https:\\\/\\\/schema.org\",\"@graph\":[{\"@type\":\"WebPage\",\"@id\":\"https:\\\/\\\/rounds.gg\\\/fi\\\/mediasetti\\\/\",\"url\":\"https:\\\/\\\/rounds.gg\\\/fi\\\/mediasetti\\\/\",\"name\":\"Mediasetti - ROUNDS\",\"isPartOf\":{\"@id\":\"https:\\\/\\\/rounds.gg\\\/fi\\\/#website\"},\"primaryImageOfPage\":{\"@id\":\"https:\\\/\\\/rounds.gg\\\/fi\\\/mediasetti\\\/#primaryimage\"},\"image\":{\"@id\":\"https:\\\/\\\/rounds.gg\\\/fi\\\/mediasetti\\\/#primaryimage\"},\"thumbnailUrl\":\"https:\\\/\\\/rounds.gg\\\/wp-content\\\/uploads\\\/2025\\\/09\\\/Rounds_classic-1024x1024.png\",\"datePublished\":\"2025-08-07T09:41:06+00:00\",\"dateModified\":\"2026-02-02T19:02:53+00:00\",\"breadcrumb\":{\"@id\":\"https:\\\/\\\/rounds.gg\\\/fi\\\/mediasetti\\\/#breadcrumb\"},\"inLanguage\":\"fi\",\"potentialAction\":[{\"@type\":\"ReadAction\",\"target\":[\"https:\\\/\\\/rounds.gg\\\/fi\\\/mediasetti\\\/\"]}]},{\"@type\":\"ImageObject\",\"inLanguage\":\"fi\",\"@id\":\"https:\\\/\\\/rounds.gg\\\/fi\\\/mediasetti\\\/#primaryimage\",\"url\":\"https:\\\/\\\/rounds.gg\\\/wp-content\\\/uploads\\\/2025\\\/09\\\/Rounds_classic-1024x1024.png\",\"contentUrl\":\"https:\\\/\\\/rounds.gg\\\/wp-content\\\/uploads\\\/2025\\\/09\\\/Rounds_classic-1024x1024.png\"},{\"@type\":\"BreadcrumbList\",\"@id\":\"https:\\\/\\\/rounds.gg\\\/fi\\\/mediasetti\\\/#breadcrumb\",\"itemListElement\":[{\"@type\":\"ListItem\",\"position\":1,\"name\":\"Home\",\"item\":\"https:\\\/\\\/rounds.gg\\\/fi\\\/etusivu\\\/\"},{\"@type\":\"ListItem\",\"position\":2,\"name\":\"Mediasetti\"}]},{\"@type\":\"WebSite\",\"@id\":\"https:\\\/\\\/rounds.gg\\\/fi\\\/#website\",\"url\":\"https:\\\/\\\/rounds.gg\\\/fi\\\/\",\"name\":\"ROUNDS\",\"description\":\"\",\"publisher\":{\"@id\":\"https:\\\/\\\/rounds.gg\\\/fi\\\/#organization\"},\"potentialAction\":[{\"@type\":\"SearchAction\",\"target\":{\"@type\":\"EntryPoint\",\"urlTemplate\":\"https:\\\/\\\/rounds.gg\\\/fi\\\/?s={search_term_string}\"},\"query-input\":{\"@type\":\"PropertyValueSpecification\",\"valueRequired\":true,\"valueName\":\"search_term_string\"}}],\"inLanguage\":\"fi\"},{\"@type\":\"Organization\",\"@id\":\"https:\\\/\\\/rounds.gg\\\/fi\\\/#organization\",\"name\":\"ROUNDS\",\"url\":\"https:\\\/\\\/rounds.gg\\\/fi\\\/\",\"logo\":{\"@type\":\"ImageObject\",\"inLanguage\":\"fi\",\"@id\":\"https:\\\/\\\/rounds.gg\\\/fi\\\/#\\\/schema\\\/logo\\\/image\\\/\",\"url\":\"https:\\\/\\\/rounds.gg\\\/wp-content\\\/uploads\\\/2025\\\/07\\\/transparent_classic_white350x350.png\",\"contentUrl\":\"https:\\\/\\\/rounds.gg\\\/wp-content\\\/uploads\\\/2025\\\/07\\\/transparent_classic_white350x350.png\",\"width\":1800,\"height\":1800,\"caption\":\"ROUNDS\"},\"image\":{\"@id\":\"https:\\\/\\\/rounds.gg\\\/fi\\\/#\\\/schema\\\/logo\\\/image\\\/\"},\"sameAs\":[\"https:\\\/\\\/x.com\\\/RoundsGG\",\"https:\\\/\\\/www.instagram.com\\\/roundsgg\\\/\",\"https:\\\/\\\/www.tiktok.com\\\/@roundsgg\",\"https:\\\/\\\/www.twitch.tv\\\/roundsgg\"]}]}<\/script>\n<!-- \/ Yoast SEO plugin. -->","yoast_head_json":{"title":"Mediasetti - ROUNDS","robots":{"index":"index","follow":"follow","max-snippet":"max-snippet:-1","max-image-preview":"max-image-preview:large","max-video-preview":"max-video-preview:-1"},"canonical":"https:\/\/rounds.gg\/fi\/mediasetti\/","og_locale":"fi_FI","og_type":"article","og_title":"Mediasetti - ROUNDS","og_description":"P\u00c4\u00c4LOGO K\u00e4yt\u00f6ss\u00e4 CS2:n ja Valorantin p\u00e4\u00e4joukkueilla MUSTA TILA (L\u00e4pin\u00e4kyv\u00e4) K\u00e4yt\u00e4 HUDissa, valkoisilla taustoilla VALKOINEN TILA (L\u00e4pin\u00e4kyv\u00e4) K\u00e4yt\u00e4 HUDissa, mustilla taustoilla Rocket League K\u00e4yt\u00f6ss\u00e4 Rocket League -joukkueella VIHRE\u00c4 TILA K\u00e4yt\u00f6ss\u00e4 League of Legends -joukkueella, UNITY TULEVAT K\u00e4yt\u00f6ss\u00e4 FUTURE CS2 -joukkueella","og_url":"https:\/\/rounds.gg\/fi\/mediasetti\/","og_site_name":"ROUNDS","article_modified_time":"2026-02-02T19:02:53+00:00","og_image":[{"width":1800,"height":1800,"url":"https:\/\/rounds.gg\/wp-content\/uploads\/2025\/09\/Rounds_classic.png","type":"image\/png"}],"twitter_card":"summary_large_image","twitter_site":"@RoundsGG","schema":{"@context":"https:\/\/schema.org","@graph":[{"@type":"WebPage","@id":"https:\/\/rounds.gg\/fi\/mediasetti\/","url":"https:\/\/rounds.gg\/fi\/mediasetti\/","name":"Mediasetti - ROUNDS","isPartOf":{"@id":"https:\/\/rounds.gg\/fi\/#website"},"primaryImageOfPage":{"@id":"https:\/\/rounds.gg\/fi\/mediasetti\/#primaryimage"},"image":{"@id":"https:\/\/rounds.gg\/fi\/mediasetti\/#primaryimage"},"thumbnailUrl":"https:\/\/rounds.gg\/wp-content\/uploads\/2025\/09\/Rounds_classic-1024x1024.png","datePublished":"2025-08-07T09:41:06+00:00","dateModified":"2026-02-02T19:02:53+00:00","breadcrumb":{"@id":"https:\/\/rounds.gg\/fi\/mediasetti\/#breadcrumb"},"inLanguage":"fi","potentialAction":[{"@type":"ReadAction","target":["https:\/\/rounds.gg\/fi\/mediasetti\/"]}]},{"@type":"ImageObject","inLanguage":"fi","@id":"https:\/\/rounds.gg\/fi\/mediasetti\/#primaryimage","url":"https:\/\/rounds.gg\/wp-content\/uploads\/2025\/09\/Rounds_classic-1024x1024.png","contentUrl":"https:\/\/rounds.gg\/wp-content\/uploads\/2025\/09\/Rounds_classic-1024x1024.png"},{"@type":"BreadcrumbList","@id":"https:\/\/rounds.gg\/fi\/mediasetti\/#breadcrumb","itemListElement":[{"@type":"ListItem","position":1,"name":"Home","item":"https:\/\/rounds.gg\/fi\/etusivu\/"},{"@type":"ListItem","position":2,"name":"Mediasetti"}]},{"@type":"WebSite","@id":"https:\/\/rounds.gg\/fi\/#website","url":"https:\/\/rounds.gg\/fi\/","name":"ROUNDS","description":"","publisher":{"@id":"https:\/\/rounds.gg\/fi\/#organization"},"potentialAction":[{"@type":"SearchAction","target":{"@type":"EntryPoint","urlTemplate":"https:\/\/rounds.gg\/fi\/?s={search_term_string}"},"query-input":{"@type":"PropertyValueSpecification","valueRequired":true,"valueName":"search_term_string"}}],"inLanguage":"fi"},{"@type":"Organization","@id":"https:\/\/rounds.gg\/fi\/#organization","name":"ROUNDS","url":"https:\/\/rounds.gg\/fi\/","logo":{"@type":"ImageObject","inLanguage":"fi","@id":"https:\/\/rounds.gg\/fi\/#\/schema\/logo\/image\/","url":"https:\/\/rounds.gg\/wp-content\/uploads\/2025\/07\/transparent_classic_white350x350.png","contentUrl":"https:\/\/rounds.gg\/wp-content\/uploads\/2025\/07\/transparent_classic_white350x350.png","width":1800,"height":1800,"caption":"ROUNDS"},"image":{"@id":"https:\/\/rounds.gg\/fi\/#\/schema\/logo\/image\/"},"sameAs":["https:\/\/x.com\/RoundsGG","https:\/\/www.instagram.com\/roundsgg\/","https:\/\/www.tiktok.com\/@roundsgg","https:\/\/www.twitch.tv\/roundsgg"]}]}},"_links":{"self":[{"href":"https:\/\/rounds.gg\/fi\/wp-json\/wp\/v2\/pages\/2598","targetHints":{"allow":["GET"]}}],"collection":[{"href":"https:\/\/rounds.gg\/fi\/wp-json\/wp\/v2\/pages"}],"about":[{"href":"https:\/\/rounds.gg\/fi\/wp-json\/wp\/v2\/types\/page"}],"author":[{"embeddable":true,"href":"https:\/\/rounds.gg\/fi\/wp-json\/wp\/v2\/users\/2"}],"replies":[{"embeddable":true,"href":"https:\/\/rounds.gg\/fi\/wp-json\/wp\/v2\/comments?post=2598"}],"version-history":[{"count":3,"href":"https:\/\/rounds.gg\/fi\/wp-json\/wp\/v2\/pages\/2598\/revisions"}],"predecessor-version":[{"id":3053,"href":"https:\/\/rounds.gg\/fi\/wp-json\/wp\/v2\/pages\/2598\/revisions\/3053"}],"wp:attachment":[{"href":"https:\/\/rounds.gg\/fi\/wp-json\/wp\/v2\/media?parent=2598"}],"curies":[{"name":"wp","href":"https:\/\/api.w.org\/{rel}","templated":true}]}}