{"id":2781,"date":"2025-11-20T15:25:15","date_gmt":"2025-11-20T13:25:15","guid":{"rendered":"https:\/\/rounds.gg\/product\/rakastan-3-rounds-muki\/"},"modified":"2025-11-20T15:25:15","modified_gmt":"2025-11-20T13:25:15","slug":"rakastan-3-rounds-muki","status":"publish","type":"product","link":"https:\/\/rounds.gg\/fi\/tuote\/rakastan-3-rounds-muki\/","title":{"rendered":"Rakastan &lt;3 ROUNDS -muki"},"content":{"rendered":"<p>Yhdist\u00e4 rakkautesi kahviin tai teehen rakkauteesi Greeniin ja Blackiin t\u00e4ll\u00e4 huippuluokan designmukilla. T\u00e4m\u00e4 on todella makea. <\/p>\n<p>\u2022 Keraaminen<br \/>\n\u2022 11 oz mukin mitat: korkeus 3,85&#8243; (9,8 cm), halkaisija 3,35&#8243; (8,5 cm)<br \/>\n\u2022 Lyijyt\u00f6n ja BPA-vapaa materiaali<br \/>\n\u2022 Kiilt\u00e4v\u00e4 pinta<br \/>\n\u2022 Konepesun ja mikroaaltouunin kest\u00e4v\u00e4<\/p>\n<p>T\u00e4m\u00e4 tuote valmistetaan tilauksesta. Tilaustuotanto v\u00e4hent\u00e4\u00e4 j\u00e4tett\u00e4, mutta toimitus kest\u00e4\u00e4 hieman kauemmin. Kiitos harkitusta ostoksestasi.  <\/p>\n<p>Ik\u00e4rajoitukset: Aikuisille<br \/>\nEU-takuu: 2 vuotta<br \/>\nMuut vaatimustenmukaisuustiedot: T\u00e4ytt\u00e4\u00e4 lyijy- ja kadmiumtasovaatimukset.<\/p>\n<p>Yleisen tuoteturvallisuusasetuksen (GPSR) mukaisesti <b>Oak inc.<\/b> ja <b>SINDEN VENTURES LIMITED<\/b> varmistavat, ett\u00e4 kaikki tarjotut kuluttajatuotteet ovat turvallisia ja t\u00e4ytt\u00e4v\u00e4t EU-standardit. Kaikissa tuoteturvallisuuteen liittyviss\u00e4 kysymyksiss\u00e4 tai huolenaiheissa ota yhteytt\u00e4 EU-edustajaamme osoitteessa <b>gpsr@sindenventures.com<\/b>.  Voit my\u00f6s kirjoittaa meille osoitteeseen <b>123 Main Street, Anytown, Country<\/b> tai<b> Markou Evgenikou 11, Mesa Geitonia, 4002, Limassol, Kypros.<b><\/b><\/p>\n","protected":false},"excerpt":{"rendered":"<p>Yhdist\u00e4 rakkautesi kahviin tai teehen rakkauteesi Greeniin ja Blackiin t\u00e4ll\u00e4 huippuluokan designmukilla. T\u00e4m\u00e4 on todella makea. \u2022 Keraaminen \u2022 11 oz mukin mitat: korkeus 3,85&#8243; (9,8 cm), halkaisija 3,35&#8243; (8,5 cm) \u2022 Lyijyt\u00f6n ja BPA-vapaa materiaali \u2022 Kiilt\u00e4v\u00e4 pinta \u2022 Konepesun ja mikroaaltouunin kest\u00e4v\u00e4 T\u00e4m\u00e4 tuote valmistetaan tilauksesta. Tilaustuotanto v\u00e4hent\u00e4\u00e4 j\u00e4tett\u00e4, mutta toimitus kest\u00e4\u00e4 hieman [&hellip;]<\/p>\n","protected":false},"featured_media":2782,"template":"","meta":[],"product_brand":[],"product_cat":[],"product_tag":[],"class_list":{"0":"post-2781","1":"product","2":"type-product","3":"status-publish","4":"has-post-thumbnail","7":"first","8":"instock","9":"taxable","10":"shipping-taxable","11":"purchasable","12":"product-type-simple"},"yoast_head":"<!-- This site is optimized with the Yoast SEO plugin v27.5 - https:\/\/yoast.com\/product\/yoast-seo-wordpress\/ -->\n<title>Rakastan &lt;3 ROUNDS -muki - ROUNDS<\/title>\n<meta name=\"robots\" content=\"index, follow, max-snippet:-1, max-image-preview:large, max-video-preview:-1\" \/>\n<link rel=\"canonical\" href=\"https:\/\/rounds.gg\/fi\/tuote\/rakastan-3-rounds-muki\/\" \/>\n<meta property=\"og:locale\" content=\"fi_FI\" \/>\n<meta property=\"og:type\" content=\"article\" \/>\n<meta property=\"og:title\" content=\"Rakastan &lt;3 ROUNDS -muki - ROUNDS\" \/>\n<meta property=\"og:description\" content=\"Yhdist\u00e4 rakkautesi kahviin tai teehen rakkauteesi Greeniin ja Blackiin t\u00e4ll\u00e4 huippuluokan designmukilla. T\u00e4m\u00e4 on todella makea. \u2022 Keraaminen \u2022 11 oz mukin mitat: korkeus 3,85&#8243; (9,8 cm), halkaisija 3,35&#8243; (8,5 cm) \u2022 Lyijyt\u00f6n ja BPA-vapaa materiaali \u2022 Kiilt\u00e4v\u00e4 pinta \u2022 Konepesun ja mikroaaltouunin kest\u00e4v\u00e4 T\u00e4m\u00e4 tuote valmistetaan tilauksesta. Tilaustuotanto v\u00e4hent\u00e4\u00e4 j\u00e4tett\u00e4, mutta toimitus kest\u00e4\u00e4 hieman [&hellip;]\" \/>\n<meta property=\"og:url\" content=\"https:\/\/rounds.gg\/fi\/tuote\/rakastan-3-rounds-muki\/\" \/>\n<meta property=\"og:site_name\" content=\"ROUNDS\" \/>\n<meta property=\"og:image\" content=\"https:\/\/rounds.gg\/wp-content\/uploads\/2025\/11\/black-glossy-mug-black-11-oz-handle-on-right-691f16abee852.webp\" \/>\n\t<meta property=\"og:image:width\" content=\"1920\" \/>\n\t<meta property=\"og:image:height\" content=\"1920\" \/>\n\t<meta property=\"og:image:type\" content=\"image\/webp\" \/>\n<meta name=\"twitter:card\" content=\"summary_large_image\" \/>\n<meta name=\"twitter:site\" content=\"@RoundsGG\" \/>\n<meta name=\"twitter:label1\" content=\"Arvioitu lukuaika\" \/>\n\t<meta name=\"twitter:data1\" content=\"1 minuutti\" \/>\n<script type=\"application\/ld+json\" class=\"yoast-schema-graph\">{\"@context\":\"https:\\\/\\\/schema.org\",\"@graph\":[{\"@type\":\"WebPage\",\"@id\":\"https:\\\/\\\/rounds.gg\\\/fi\\\/tuote\\\/rakastan-3-rounds-muki\\\/\",\"url\":\"https:\\\/\\\/rounds.gg\\\/fi\\\/tuote\\\/rakastan-3-rounds-muki\\\/\",\"name\":\"Rakastan &lt;3 ROUNDS -muki - ROUNDS\",\"isPartOf\":{\"@id\":\"https:\\\/\\\/rounds.gg\\\/fi\\\/#website\"},\"primaryImageOfPage\":{\"@id\":\"https:\\\/\\\/rounds.gg\\\/fi\\\/tuote\\\/rakastan-3-rounds-muki\\\/#primaryimage\"},\"image\":{\"@id\":\"https:\\\/\\\/rounds.gg\\\/fi\\\/tuote\\\/rakastan-3-rounds-muki\\\/#primaryimage\"},\"thumbnailUrl\":\"https:\\\/\\\/rounds.gg\\\/wp-content\\\/uploads\\\/2025\\\/11\\\/black-glossy-mug-black-11-oz-handle-on-right-691f16abee852.webp\",\"datePublished\":\"2025-11-20T13:25:15+00:00\",\"breadcrumb\":{\"@id\":\"https:\\\/\\\/rounds.gg\\\/fi\\\/tuote\\\/rakastan-3-rounds-muki\\\/#breadcrumb\"},\"inLanguage\":\"fi\",\"potentialAction\":[{\"@type\":\"ReadAction\",\"target\":[\"https:\\\/\\\/rounds.gg\\\/fi\\\/tuote\\\/rakastan-3-rounds-muki\\\/\"]}]},{\"@type\":\"ImageObject\",\"inLanguage\":\"fi\",\"@id\":\"https:\\\/\\\/rounds.gg\\\/fi\\\/tuote\\\/rakastan-3-rounds-muki\\\/#primaryimage\",\"url\":\"https:\\\/\\\/rounds.gg\\\/wp-content\\\/uploads\\\/2025\\\/11\\\/black-glossy-mug-black-11-oz-handle-on-right-691f16abee852.webp\",\"contentUrl\":\"https:\\\/\\\/rounds.gg\\\/wp-content\\\/uploads\\\/2025\\\/11\\\/black-glossy-mug-black-11-oz-handle-on-right-691f16abee852.webp\",\"width\":1920,\"height\":1920},{\"@type\":\"BreadcrumbList\",\"@id\":\"https:\\\/\\\/rounds.gg\\\/fi\\\/tuote\\\/rakastan-3-rounds-muki\\\/#breadcrumb\",\"itemListElement\":[{\"@type\":\"ListItem\",\"position\":1,\"name\":\"Home\",\"item\":\"https:\\\/\\\/rounds.gg\\\/fi\\\/etusivu\\\/\"},{\"@type\":\"ListItem\",\"position\":2,\"name\":\"Kauppa\",\"item\":\"https:\\\/\\\/rounds.gg\\\/fi\\\/kauppa\\\/\"},{\"@type\":\"ListItem\",\"position\":3,\"name\":\"Rakastan &lt;3 ROUNDS -muki\"}]},{\"@type\":\"WebSite\",\"@id\":\"https:\\\/\\\/rounds.gg\\\/fi\\\/#website\",\"url\":\"https:\\\/\\\/rounds.gg\\\/fi\\\/\",\"name\":\"ROUNDS\",\"description\":\"\",\"publisher\":{\"@id\":\"https:\\\/\\\/rounds.gg\\\/fi\\\/#organization\"},\"potentialAction\":[{\"@type\":\"SearchAction\",\"target\":{\"@type\":\"EntryPoint\",\"urlTemplate\":\"https:\\\/\\\/rounds.gg\\\/fi\\\/?s={search_term_string}\"},\"query-input\":{\"@type\":\"PropertyValueSpecification\",\"valueRequired\":true,\"valueName\":\"search_term_string\"}}],\"inLanguage\":\"fi\"},{\"@type\":\"Organization\",\"@id\":\"https:\\\/\\\/rounds.gg\\\/fi\\\/#organization\",\"name\":\"ROUNDS\",\"url\":\"https:\\\/\\\/rounds.gg\\\/fi\\\/\",\"logo\":{\"@type\":\"ImageObject\",\"inLanguage\":\"fi\",\"@id\":\"https:\\\/\\\/rounds.gg\\\/fi\\\/#\\\/schema\\\/logo\\\/image\\\/\",\"url\":\"https:\\\/\\\/rounds.gg\\\/wp-content\\\/uploads\\\/2025\\\/07\\\/transparent_classic_white350x350.png\",\"contentUrl\":\"https:\\\/\\\/rounds.gg\\\/wp-content\\\/uploads\\\/2025\\\/07\\\/transparent_classic_white350x350.png\",\"width\":1800,\"height\":1800,\"caption\":\"ROUNDS\"},\"image\":{\"@id\":\"https:\\\/\\\/rounds.gg\\\/fi\\\/#\\\/schema\\\/logo\\\/image\\\/\"},\"sameAs\":[\"https:\\\/\\\/x.com\\\/RoundsGG\",\"https:\\\/\\\/www.instagram.com\\\/roundsgg\\\/\",\"https:\\\/\\\/www.tiktok.com\\\/@roundsgg\",\"https:\\\/\\\/www.twitch.tv\\\/roundsgg\"]}]}<\/script>\n<!-- \/ Yoast SEO plugin. -->","yoast_head_json":{"title":"Rakastan &lt;3 ROUNDS -muki - ROUNDS","robots":{"index":"index","follow":"follow","max-snippet":"max-snippet:-1","max-image-preview":"max-image-preview:large","max-video-preview":"max-video-preview:-1"},"canonical":"https:\/\/rounds.gg\/fi\/tuote\/rakastan-3-rounds-muki\/","og_locale":"fi_FI","og_type":"article","og_title":"Rakastan &lt;3 ROUNDS -muki - ROUNDS","og_description":"Yhdist\u00e4 rakkautesi kahviin tai teehen rakkauteesi Greeniin ja Blackiin t\u00e4ll\u00e4 huippuluokan designmukilla. T\u00e4m\u00e4 on todella makea. \u2022 Keraaminen \u2022 11 oz mukin mitat: korkeus 3,85&#8243; (9,8 cm), halkaisija 3,35&#8243; (8,5 cm) \u2022 Lyijyt\u00f6n ja BPA-vapaa materiaali \u2022 Kiilt\u00e4v\u00e4 pinta \u2022 Konepesun ja mikroaaltouunin kest\u00e4v\u00e4 T\u00e4m\u00e4 tuote valmistetaan tilauksesta. Tilaustuotanto v\u00e4hent\u00e4\u00e4 j\u00e4tett\u00e4, mutta toimitus kest\u00e4\u00e4 hieman [&hellip;]","og_url":"https:\/\/rounds.gg\/fi\/tuote\/rakastan-3-rounds-muki\/","og_site_name":"ROUNDS","og_image":[{"width":1920,"height":1920,"url":"https:\/\/rounds.gg\/wp-content\/uploads\/2025\/11\/black-glossy-mug-black-11-oz-handle-on-right-691f16abee852.webp","type":"image\/webp"}],"twitter_card":"summary_large_image","twitter_site":"@RoundsGG","twitter_misc":{"Arvioitu lukuaika":"1 minuutti"},"schema":{"@context":"https:\/\/schema.org","@graph":[{"@type":"WebPage","@id":"https:\/\/rounds.gg\/fi\/tuote\/rakastan-3-rounds-muki\/","url":"https:\/\/rounds.gg\/fi\/tuote\/rakastan-3-rounds-muki\/","name":"Rakastan &lt;3 ROUNDS -muki - ROUNDS","isPartOf":{"@id":"https:\/\/rounds.gg\/fi\/#website"},"primaryImageOfPage":{"@id":"https:\/\/rounds.gg\/fi\/tuote\/rakastan-3-rounds-muki\/#primaryimage"},"image":{"@id":"https:\/\/rounds.gg\/fi\/tuote\/rakastan-3-rounds-muki\/#primaryimage"},"thumbnailUrl":"https:\/\/rounds.gg\/wp-content\/uploads\/2025\/11\/black-glossy-mug-black-11-oz-handle-on-right-691f16abee852.webp","datePublished":"2025-11-20T13:25:15+00:00","breadcrumb":{"@id":"https:\/\/rounds.gg\/fi\/tuote\/rakastan-3-rounds-muki\/#breadcrumb"},"inLanguage":"fi","potentialAction":[{"@type":"ReadAction","target":["https:\/\/rounds.gg\/fi\/tuote\/rakastan-3-rounds-muki\/"]}]},{"@type":"ImageObject","inLanguage":"fi","@id":"https:\/\/rounds.gg\/fi\/tuote\/rakastan-3-rounds-muki\/#primaryimage","url":"https:\/\/rounds.gg\/wp-content\/uploads\/2025\/11\/black-glossy-mug-black-11-oz-handle-on-right-691f16abee852.webp","contentUrl":"https:\/\/rounds.gg\/wp-content\/uploads\/2025\/11\/black-glossy-mug-black-11-oz-handle-on-right-691f16abee852.webp","width":1920,"height":1920},{"@type":"BreadcrumbList","@id":"https:\/\/rounds.gg\/fi\/tuote\/rakastan-3-rounds-muki\/#breadcrumb","itemListElement":[{"@type":"ListItem","position":1,"name":"Home","item":"https:\/\/rounds.gg\/fi\/etusivu\/"},{"@type":"ListItem","position":2,"name":"Kauppa","item":"https:\/\/rounds.gg\/fi\/kauppa\/"},{"@type":"ListItem","position":3,"name":"Rakastan &lt;3 ROUNDS -muki"}]},{"@type":"WebSite","@id":"https:\/\/rounds.gg\/fi\/#website","url":"https:\/\/rounds.gg\/fi\/","name":"ROUNDS","description":"","publisher":{"@id":"https:\/\/rounds.gg\/fi\/#organization"},"potentialAction":[{"@type":"SearchAction","target":{"@type":"EntryPoint","urlTemplate":"https:\/\/rounds.gg\/fi\/?s={search_term_string}"},"query-input":{"@type":"PropertyValueSpecification","valueRequired":true,"valueName":"search_term_string"}}],"inLanguage":"fi"},{"@type":"Organization","@id":"https:\/\/rounds.gg\/fi\/#organization","name":"ROUNDS","url":"https:\/\/rounds.gg\/fi\/","logo":{"@type":"ImageObject","inLanguage":"fi","@id":"https:\/\/rounds.gg\/fi\/#\/schema\/logo\/image\/","url":"https:\/\/rounds.gg\/wp-content\/uploads\/2025\/07\/transparent_classic_white350x350.png","contentUrl":"https:\/\/rounds.gg\/wp-content\/uploads\/2025\/07\/transparent_classic_white350x350.png","width":1800,"height":1800,"caption":"ROUNDS"},"image":{"@id":"https:\/\/rounds.gg\/fi\/#\/schema\/logo\/image\/"},"sameAs":["https:\/\/x.com\/RoundsGG","https:\/\/www.instagram.com\/roundsgg\/","https:\/\/www.tiktok.com\/@roundsgg","https:\/\/www.twitch.tv\/roundsgg"]}]}},"_links":{"self":[{"href":"https:\/\/rounds.gg\/fi\/wp-json\/wp\/v2\/product\/2781","targetHints":{"allow":["GET"]}}],"collection":[{"href":"https:\/\/rounds.gg\/fi\/wp-json\/wp\/v2\/product"}],"about":[{"href":"https:\/\/rounds.gg\/fi\/wp-json\/wp\/v2\/types\/product"}],"wp:featuredmedia":[{"embeddable":true,"href":"https:\/\/rounds.gg\/fi\/wp-json\/wp\/v2\/media\/2782"}],"wp:attachment":[{"href":"https:\/\/rounds.gg\/fi\/wp-json\/wp\/v2\/media?parent=2781"}],"wp:term":[{"taxonomy":"product_brand","embeddable":true,"href":"https:\/\/rounds.gg\/fi\/wp-json\/wp\/v2\/product_brand?post=2781"},{"taxonomy":"product_cat","embeddable":true,"href":"https:\/\/rounds.gg\/fi\/wp-json\/wp\/v2\/product_cat?post=2781"},{"taxonomy":"product_tag","embeddable":true,"href":"https:\/\/rounds.gg\/fi\/wp-json\/wp\/v2\/product_tag?post=2781"}],"curies":[{"name":"wp","href":"https:\/\/api.w.org\/{rel}","templated":true}]}}