{"id":2818,"date":"2025-11-20T15:15:11","date_gmt":"2025-11-20T13:15:11","guid":{"rendered":"https:\/\/rounds.gg\/product\/rounds-t-paita-valkoinen\/"},"modified":"2025-11-20T15:15:11","modified_gmt":"2025-11-20T13:15:11","slug":"rounds-t-paita-valkoinen","status":"publish","type":"product","link":"https:\/\/rounds.gg\/fi\/tuote\/rounds-t-paita-valkoinen\/","title":{"rendered":"ROUNDS T-paita, valkoinen"},"content":{"rendered":"<p>Eritt\u00e4in pehme\u00e4. Minimalistinen. Tyylik\u00e4s. ROUNDS tyylikk\u00e4\u00e4n\u00e4 valkoisena. Suosittelemme valitsemaan yht\u00e4 tai jopa kahta kokoa pienemm\u00e4n, sill\u00e4 t\u00e4m\u00e4 tuote on eritt\u00e4in v\u00e4lj\u00e4 ja reilua mitoitusta.    <\/p>\n<p>\u2022 100 % rengaskehr\u00e4tty\u00e4 puuvillaa<br \/>\n\u2022 Kankaan paino: 6.1 oz\/yd\u00b2 (206.8 g\/m\u00b2)<br \/>\n\u2022 Vaatev\u00e4rj\u00e4tty<br \/>\n\u2022 V\u00e4lj\u00e4 istuvuus<br \/>\n\u2022 7\/8\u2033 kaksoisneulatikattu kaulus<br \/>\n\u2022 Twill-nauhavahvistettu kaula-aukko ja olkap\u00e4\u00e4t lis\u00e4kest\u00e4vyytt\u00e4 varten<br \/>\n\u2022 Kaksoisneulatikatut k\u00e4dentiet, hihat ja helma<br \/>\n\u2022 Pohjatuote per\u00e4isin Hondurasista<\/p>\n<p>T\u00e4m\u00e4 tuote valmistetaan tilauksesta. Tilaustuotanto v\u00e4hent\u00e4\u00e4 j\u00e4tett\u00e4, mutta toimitus vie hieman enemm\u00e4n aikaa. Kiitos harkitusta ostoksestasi.  <\/p>\n<p>Ik\u00e4rajoitukset: Aikuisille<br \/>\nEU-takuu: 2 vuotta<\/p>\n<p>Yleisen tuoteturvallisuusasetuksen (GPSR) mukaisesti <b>Oak inc.<\/b> ja <b>SINDEN VENTURES LIMITED<\/b> varmistavat, ett\u00e4 kaikki tarjotut kuluttajatuotteet ovat turvallisia ja t\u00e4ytt\u00e4v\u00e4t EU-standardit. Kaikissa tuoteturvallisuuteen liittyviss\u00e4 kysymyksiss\u00e4 tai huolenaiheissa ota yhteytt\u00e4 EU-edustajaamme osoitteessa <b>gpsr@sindenventures.com<\/b>.  Voit my\u00f6s kirjoittaa meille osoitteeseen <b>123 Main Street, Anytown, Country<\/b> tai<b> Markou Evgenikou 11, Mesa Geitonia, 4002, Limassol, Kypros.<b><\/b><\/p>\n","protected":false},"excerpt":{"rendered":"<p>Eritt\u00e4in pehme\u00e4. Minimalistinen. Tyylik\u00e4s. ROUNDS tyylikk\u00e4\u00e4n\u00e4 valkoisena. Suosittelemme valitsemaan yht\u00e4 tai jopa kahta kokoa pienemm\u00e4n, sill\u00e4 t\u00e4m\u00e4 tuote on eritt\u00e4in v\u00e4lj\u00e4 ja reilua mitoitusta. \u2022 100 % rengaskehr\u00e4tty\u00e4 puuvillaa \u2022 Kankaan paino: 6.1 oz\/yd\u00b2 (206.8 g\/m\u00b2) \u2022 Vaatev\u00e4rj\u00e4tty \u2022 V\u00e4lj\u00e4 istuvuus \u2022 7\/8\u2033 kaksoisneulatikattu kaulus \u2022 Twill-nauhavahvistettu kaula-aukko ja olkap\u00e4\u00e4t lis\u00e4kest\u00e4vyytt\u00e4 varten \u2022 Kaksoisneulatikatut k\u00e4dentiet, [&hellip;]<\/p>\n","protected":false},"featured_media":2819,"template":"","meta":[],"product_brand":[],"product_cat":[],"product_tag":[],"class_list":{"0":"post-2818","1":"product","2":"type-product","3":"status-publish","4":"has-post-thumbnail","7":"first","8":"instock","9":"taxable","10":"shipping-taxable","11":"purchasable","12":"product-type-variable"},"yoast_head":"<!-- This site is optimized with the Yoast SEO plugin v27.4 - https:\/\/yoast.com\/product\/yoast-seo-wordpress\/ -->\n<title>ROUNDS T-paita, valkoinen - ROUNDS<\/title>\n<meta name=\"robots\" content=\"index, follow, max-snippet:-1, max-image-preview:large, max-video-preview:-1\" \/>\n<link rel=\"canonical\" href=\"https:\/\/rounds.gg\/fi\/tuote\/rounds-t-paita-valkoinen\/\" \/>\n<meta property=\"og:locale\" content=\"fi_FI\" \/>\n<meta property=\"og:type\" content=\"article\" \/>\n<meta property=\"og:title\" content=\"ROUNDS T-paita, valkoinen - ROUNDS\" \/>\n<meta property=\"og:description\" content=\"Eritt\u00e4in pehme\u00e4. Minimalistinen. Tyylik\u00e4s. ROUNDS tyylikk\u00e4\u00e4n\u00e4 valkoisena. Suosittelemme valitsemaan yht\u00e4 tai jopa kahta kokoa pienemm\u00e4n, sill\u00e4 t\u00e4m\u00e4 tuote on eritt\u00e4in v\u00e4lj\u00e4 ja reilua mitoitusta. \u2022 100 % rengaskehr\u00e4tty\u00e4 puuvillaa \u2022 Kankaan paino: 6.1 oz\/yd\u00b2 (206.8 g\/m\u00b2) \u2022 Vaatev\u00e4rj\u00e4tty \u2022 V\u00e4lj\u00e4 istuvuus \u2022 7\/8\u2033 kaksoisneulatikattu kaulus \u2022 Twill-nauhavahvistettu kaula-aukko ja olkap\u00e4\u00e4t lis\u00e4kest\u00e4vyytt\u00e4 varten \u2022 Kaksoisneulatikatut k\u00e4dentiet, [&hellip;]\" \/>\n<meta property=\"og:url\" content=\"https:\/\/rounds.gg\/fi\/tuote\/rounds-t-paita-valkoinen\/\" \/>\n<meta property=\"og:site_name\" content=\"ROUNDS\" \/>\n<meta property=\"og:image\" content=\"https:\/\/rounds.gg\/wp-content\/uploads\/2025\/11\/unisex-garment-dyed-heavyweight-t-shirt-white-front-691f1440e4fd9.webp\" \/>\n\t<meta property=\"og:image:width\" content=\"1920\" \/>\n\t<meta property=\"og:image:height\" content=\"1920\" \/>\n\t<meta property=\"og:image:type\" content=\"image\/webp\" \/>\n<meta name=\"twitter:card\" content=\"summary_large_image\" \/>\n<meta name=\"twitter:site\" content=\"@RoundsGG\" \/>\n<meta name=\"twitter:label1\" content=\"Arvioitu lukuaika\" \/>\n\t<meta name=\"twitter:data1\" content=\"1 minuutti\" \/>\n<script type=\"application\/ld+json\" class=\"yoast-schema-graph\">{\"@context\":\"https:\\\/\\\/schema.org\",\"@graph\":[{\"@type\":\"WebPage\",\"@id\":\"https:\\\/\\\/rounds.gg\\\/fi\\\/tuote\\\/rounds-t-paita-valkoinen\\\/\",\"url\":\"https:\\\/\\\/rounds.gg\\\/fi\\\/tuote\\\/rounds-t-paita-valkoinen\\\/\",\"name\":\"ROUNDS T-paita, valkoinen - ROUNDS\",\"isPartOf\":{\"@id\":\"https:\\\/\\\/rounds.gg\\\/fi\\\/#website\"},\"primaryImageOfPage\":{\"@id\":\"https:\\\/\\\/rounds.gg\\\/fi\\\/tuote\\\/rounds-t-paita-valkoinen\\\/#primaryimage\"},\"image\":{\"@id\":\"https:\\\/\\\/rounds.gg\\\/fi\\\/tuote\\\/rounds-t-paita-valkoinen\\\/#primaryimage\"},\"thumbnailUrl\":\"https:\\\/\\\/rounds.gg\\\/wp-content\\\/uploads\\\/2025\\\/11\\\/unisex-garment-dyed-heavyweight-t-shirt-white-front-691f1440e4fd9.webp\",\"datePublished\":\"2025-11-20T13:15:11+00:00\",\"breadcrumb\":{\"@id\":\"https:\\\/\\\/rounds.gg\\\/fi\\\/tuote\\\/rounds-t-paita-valkoinen\\\/#breadcrumb\"},\"inLanguage\":\"fi\",\"potentialAction\":[{\"@type\":\"ReadAction\",\"target\":[\"https:\\\/\\\/rounds.gg\\\/fi\\\/tuote\\\/rounds-t-paita-valkoinen\\\/\"]}]},{\"@type\":\"ImageObject\",\"inLanguage\":\"fi\",\"@id\":\"https:\\\/\\\/rounds.gg\\\/fi\\\/tuote\\\/rounds-t-paita-valkoinen\\\/#primaryimage\",\"url\":\"https:\\\/\\\/rounds.gg\\\/wp-content\\\/uploads\\\/2025\\\/11\\\/unisex-garment-dyed-heavyweight-t-shirt-white-front-691f1440e4fd9.webp\",\"contentUrl\":\"https:\\\/\\\/rounds.gg\\\/wp-content\\\/uploads\\\/2025\\\/11\\\/unisex-garment-dyed-heavyweight-t-shirt-white-front-691f1440e4fd9.webp\",\"width\":1920,\"height\":1920},{\"@type\":\"BreadcrumbList\",\"@id\":\"https:\\\/\\\/rounds.gg\\\/fi\\\/tuote\\\/rounds-t-paita-valkoinen\\\/#breadcrumb\",\"itemListElement\":[{\"@type\":\"ListItem\",\"position\":1,\"name\":\"Home\",\"item\":\"https:\\\/\\\/rounds.gg\\\/fi\\\/etusivu\\\/\"},{\"@type\":\"ListItem\",\"position\":2,\"name\":\"Kauppa\",\"item\":\"https:\\\/\\\/rounds.gg\\\/fi\\\/kauppa\\\/\"},{\"@type\":\"ListItem\",\"position\":3,\"name\":\"ROUNDS T-paita, valkoinen\"}]},{\"@type\":\"WebSite\",\"@id\":\"https:\\\/\\\/rounds.gg\\\/fi\\\/#website\",\"url\":\"https:\\\/\\\/rounds.gg\\\/fi\\\/\",\"name\":\"ROUNDS\",\"description\":\"\",\"publisher\":{\"@id\":\"https:\\\/\\\/rounds.gg\\\/fi\\\/#organization\"},\"potentialAction\":[{\"@type\":\"SearchAction\",\"target\":{\"@type\":\"EntryPoint\",\"urlTemplate\":\"https:\\\/\\\/rounds.gg\\\/fi\\\/?s={search_term_string}\"},\"query-input\":{\"@type\":\"PropertyValueSpecification\",\"valueRequired\":true,\"valueName\":\"search_term_string\"}}],\"inLanguage\":\"fi\"},{\"@type\":\"Organization\",\"@id\":\"https:\\\/\\\/rounds.gg\\\/fi\\\/#organization\",\"name\":\"ROUNDS\",\"url\":\"https:\\\/\\\/rounds.gg\\\/fi\\\/\",\"logo\":{\"@type\":\"ImageObject\",\"inLanguage\":\"fi\",\"@id\":\"https:\\\/\\\/rounds.gg\\\/fi\\\/#\\\/schema\\\/logo\\\/image\\\/\",\"url\":\"https:\\\/\\\/rounds.gg\\\/wp-content\\\/uploads\\\/2025\\\/07\\\/transparent_classic_white350x350.png\",\"contentUrl\":\"https:\\\/\\\/rounds.gg\\\/wp-content\\\/uploads\\\/2025\\\/07\\\/transparent_classic_white350x350.png\",\"width\":1800,\"height\":1800,\"caption\":\"ROUNDS\"},\"image\":{\"@id\":\"https:\\\/\\\/rounds.gg\\\/fi\\\/#\\\/schema\\\/logo\\\/image\\\/\"},\"sameAs\":[\"https:\\\/\\\/x.com\\\/RoundsGG\",\"https:\\\/\\\/www.instagram.com\\\/roundsgg\\\/\",\"https:\\\/\\\/www.tiktok.com\\\/@roundsgg\",\"https:\\\/\\\/www.twitch.tv\\\/roundsgg\"]}]}<\/script>\n<!-- \/ Yoast SEO plugin. -->","yoast_head_json":{"title":"ROUNDS T-paita, valkoinen - ROUNDS","robots":{"index":"index","follow":"follow","max-snippet":"max-snippet:-1","max-image-preview":"max-image-preview:large","max-video-preview":"max-video-preview:-1"},"canonical":"https:\/\/rounds.gg\/fi\/tuote\/rounds-t-paita-valkoinen\/","og_locale":"fi_FI","og_type":"article","og_title":"ROUNDS T-paita, valkoinen - ROUNDS","og_description":"Eritt\u00e4in pehme\u00e4. Minimalistinen. Tyylik\u00e4s. ROUNDS tyylikk\u00e4\u00e4n\u00e4 valkoisena. Suosittelemme valitsemaan yht\u00e4 tai jopa kahta kokoa pienemm\u00e4n, sill\u00e4 t\u00e4m\u00e4 tuote on eritt\u00e4in v\u00e4lj\u00e4 ja reilua mitoitusta. \u2022 100 % rengaskehr\u00e4tty\u00e4 puuvillaa \u2022 Kankaan paino: 6.1 oz\/yd\u00b2 (206.8 g\/m\u00b2) \u2022 Vaatev\u00e4rj\u00e4tty \u2022 V\u00e4lj\u00e4 istuvuus \u2022 7\/8\u2033 kaksoisneulatikattu kaulus \u2022 Twill-nauhavahvistettu kaula-aukko ja olkap\u00e4\u00e4t lis\u00e4kest\u00e4vyytt\u00e4 varten \u2022 Kaksoisneulatikatut k\u00e4dentiet, [&hellip;]","og_url":"https:\/\/rounds.gg\/fi\/tuote\/rounds-t-paita-valkoinen\/","og_site_name":"ROUNDS","og_image":[{"width":1920,"height":1920,"url":"https:\/\/rounds.gg\/wp-content\/uploads\/2025\/11\/unisex-garment-dyed-heavyweight-t-shirt-white-front-691f1440e4fd9.webp","type":"image\/webp"}],"twitter_card":"summary_large_image","twitter_site":"@RoundsGG","twitter_misc":{"Arvioitu lukuaika":"1 minuutti"},"schema":{"@context":"https:\/\/schema.org","@graph":[{"@type":"WebPage","@id":"https:\/\/rounds.gg\/fi\/tuote\/rounds-t-paita-valkoinen\/","url":"https:\/\/rounds.gg\/fi\/tuote\/rounds-t-paita-valkoinen\/","name":"ROUNDS T-paita, valkoinen - ROUNDS","isPartOf":{"@id":"https:\/\/rounds.gg\/fi\/#website"},"primaryImageOfPage":{"@id":"https:\/\/rounds.gg\/fi\/tuote\/rounds-t-paita-valkoinen\/#primaryimage"},"image":{"@id":"https:\/\/rounds.gg\/fi\/tuote\/rounds-t-paita-valkoinen\/#primaryimage"},"thumbnailUrl":"https:\/\/rounds.gg\/wp-content\/uploads\/2025\/11\/unisex-garment-dyed-heavyweight-t-shirt-white-front-691f1440e4fd9.webp","datePublished":"2025-11-20T13:15:11+00:00","breadcrumb":{"@id":"https:\/\/rounds.gg\/fi\/tuote\/rounds-t-paita-valkoinen\/#breadcrumb"},"inLanguage":"fi","potentialAction":[{"@type":"ReadAction","target":["https:\/\/rounds.gg\/fi\/tuote\/rounds-t-paita-valkoinen\/"]}]},{"@type":"ImageObject","inLanguage":"fi","@id":"https:\/\/rounds.gg\/fi\/tuote\/rounds-t-paita-valkoinen\/#primaryimage","url":"https:\/\/rounds.gg\/wp-content\/uploads\/2025\/11\/unisex-garment-dyed-heavyweight-t-shirt-white-front-691f1440e4fd9.webp","contentUrl":"https:\/\/rounds.gg\/wp-content\/uploads\/2025\/11\/unisex-garment-dyed-heavyweight-t-shirt-white-front-691f1440e4fd9.webp","width":1920,"height":1920},{"@type":"BreadcrumbList","@id":"https:\/\/rounds.gg\/fi\/tuote\/rounds-t-paita-valkoinen\/#breadcrumb","itemListElement":[{"@type":"ListItem","position":1,"name":"Home","item":"https:\/\/rounds.gg\/fi\/etusivu\/"},{"@type":"ListItem","position":2,"name":"Kauppa","item":"https:\/\/rounds.gg\/fi\/kauppa\/"},{"@type":"ListItem","position":3,"name":"ROUNDS T-paita, valkoinen"}]},{"@type":"WebSite","@id":"https:\/\/rounds.gg\/fi\/#website","url":"https:\/\/rounds.gg\/fi\/","name":"ROUNDS","description":"","publisher":{"@id":"https:\/\/rounds.gg\/fi\/#organization"},"potentialAction":[{"@type":"SearchAction","target":{"@type":"EntryPoint","urlTemplate":"https:\/\/rounds.gg\/fi\/?s={search_term_string}"},"query-input":{"@type":"PropertyValueSpecification","valueRequired":true,"valueName":"search_term_string"}}],"inLanguage":"fi"},{"@type":"Organization","@id":"https:\/\/rounds.gg\/fi\/#organization","name":"ROUNDS","url":"https:\/\/rounds.gg\/fi\/","logo":{"@type":"ImageObject","inLanguage":"fi","@id":"https:\/\/rounds.gg\/fi\/#\/schema\/logo\/image\/","url":"https:\/\/rounds.gg\/wp-content\/uploads\/2025\/07\/transparent_classic_white350x350.png","contentUrl":"https:\/\/rounds.gg\/wp-content\/uploads\/2025\/07\/transparent_classic_white350x350.png","width":1800,"height":1800,"caption":"ROUNDS"},"image":{"@id":"https:\/\/rounds.gg\/fi\/#\/schema\/logo\/image\/"},"sameAs":["https:\/\/x.com\/RoundsGG","https:\/\/www.instagram.com\/roundsgg\/","https:\/\/www.tiktok.com\/@roundsgg","https:\/\/www.twitch.tv\/roundsgg"]}]}},"_links":{"self":[{"href":"https:\/\/rounds.gg\/fi\/wp-json\/wp\/v2\/product\/2818","targetHints":{"allow":["GET"]}}],"collection":[{"href":"https:\/\/rounds.gg\/fi\/wp-json\/wp\/v2\/product"}],"about":[{"href":"https:\/\/rounds.gg\/fi\/wp-json\/wp\/v2\/types\/product"}],"wp:featuredmedia":[{"embeddable":true,"href":"https:\/\/rounds.gg\/fi\/wp-json\/wp\/v2\/media\/2819"}],"wp:attachment":[{"href":"https:\/\/rounds.gg\/fi\/wp-json\/wp\/v2\/media?parent=2818"}],"wp:term":[{"taxonomy":"product_brand","embeddable":true,"href":"https:\/\/rounds.gg\/fi\/wp-json\/wp\/v2\/product_brand?post=2818"},{"taxonomy":"product_cat","embeddable":true,"href":"https:\/\/rounds.gg\/fi\/wp-json\/wp\/v2\/product_cat?post=2818"},{"taxonomy":"product_tag","embeddable":true,"href":"https:\/\/rounds.gg\/fi\/wp-json\/wp\/v2\/product_tag?post=2818"}],"curies":[{"name":"wp","href":"https:\/\/api.w.org\/{rel}","templated":true}]}}