{"id":2955,"date":"2026-01-24T17:39:26","date_gmt":"2026-01-24T15:39:26","guid":{"rendered":"https:\/\/rounds.gg\/product\/rounds-tulevaisuuden-pelipaita-luke\/"},"modified":"2026-01-24T17:39:26","modified_gmt":"2026-01-24T15:39:26","slug":"rounds-tulevaisuuden-pelipaita-luke","status":"publish","type":"product","link":"https:\/\/rounds.gg\/fi\/tuote\/rounds-tulevaisuuden-pelipaita-luke\/","title":{"rendered":"ROUNDS Tulevaisuuden pelipaita &#8211; Luke"},"content":{"rendered":"<p>NUKE-Liigan avajaiskauden virallinen ROUNDS Tulevaisuuden pelipaita, jota juniorijoukkue ja henkil\u00f6kunta k\u00e4ytt\u00e4v\u00e4t. Takana Luke 1 -painatus. <\/p>\n<p>Tuotetiedot<\/p>\n<p>\u2022 100 % kierr\u00e4tetty\u00e4 polyesterikangasta<br \/>\n\u2022 Kankaan paino EU (voi vaihdella 5 %): 5.61 oz.\/yd.\u00b2 (190 g\/m\u00b2)<br \/>\n\u2022 Kankaan paino US (voi vaihdella 5 %): 4.42 oz.\/yd.\u00b2 (150 g\/m\u00b2)<br \/>\n\u2022 Kaksisuuntainen joustokangas<br \/>\n\u2022 Kosteutta siirt\u00e4v\u00e4 materiaali<br \/>\n\u2022 Normaali istuvuus<br \/>\n\u2022 UPF50+ suoja<br \/>\n\u2022 UPF50+ suoja<br \/>\n\u2022 Kaksinkertainen V-p\u00e4\u00e4ntie<br \/>\n\u2022 Tuote hankittu Kiinasta<\/p>\n<p>T\u00e4m\u00e4 tuote valmistetaan tilauksesta. Tilaustuotanto v\u00e4hent\u00e4\u00e4 j\u00e4tett\u00e4, mutta toimitus kest\u00e4\u00e4 hieman kauemmin. Kiitos harkitusta ostoksestasi.  <\/p>\n","protected":false},"excerpt":{"rendered":"<p>NUKE-Liigan avajaiskauden virallinen ROUNDS Tulevaisuuden pelipaita, jota juniorijoukkue ja henkil\u00f6kunta k\u00e4ytt\u00e4v\u00e4t. Takana Luke 1 -painatus. Tuotetiedot \u2022 100 % kierr\u00e4tetty\u00e4 polyesterikangasta \u2022 Kankaan paino EU (voi vaihdella 5 %): 5.61 oz.\/yd.\u00b2 (190 g\/m\u00b2) \u2022 Kankaan paino US (voi vaihdella 5 %): 4.42 oz.\/yd.\u00b2 (150 g\/m\u00b2) \u2022 Kaksisuuntainen joustokangas \u2022 Kosteutta siirt\u00e4v\u00e4 materiaali \u2022 Normaali istuvuus [&hellip;]<\/p>\n","protected":false},"featured_media":3054,"template":"","meta":[],"product_brand":[],"product_cat":[],"product_tag":[],"class_list":{"0":"post-2955","1":"product","2":"type-product","3":"status-publish","4":"has-post-thumbnail","7":"first","8":"instock","9":"taxable","10":"shipping-taxable","11":"purchasable","12":"product-type-variable"},"yoast_head":"<!-- This site is optimized with the Yoast SEO plugin v27.5 - https:\/\/yoast.com\/product\/yoast-seo-wordpress\/ -->\n<title>ROUNDS Tulevaisuuden pelipaita - Luke - ROUNDS<\/title>\n<meta name=\"robots\" content=\"index, follow, max-snippet:-1, max-image-preview:large, max-video-preview:-1\" \/>\n<link rel=\"canonical\" href=\"https:\/\/rounds.gg\/fi\/tuote\/rounds-tulevaisuuden-pelipaita-luke\/\" \/>\n<meta property=\"og:locale\" content=\"fi_FI\" \/>\n<meta property=\"og:type\" content=\"article\" \/>\n<meta property=\"og:title\" content=\"ROUNDS Tulevaisuuden pelipaita - Luke - ROUNDS\" \/>\n<meta property=\"og:description\" content=\"NUKE-Liigan avajaiskauden virallinen ROUNDS Tulevaisuuden pelipaita, jota juniorijoukkue ja henkil\u00f6kunta k\u00e4ytt\u00e4v\u00e4t. Takana Luke 1 -painatus. Tuotetiedot \u2022 100 % kierr\u00e4tetty\u00e4 polyesterikangasta \u2022 Kankaan paino EU (voi vaihdella 5 %): 5.61 oz.\/yd.\u00b2 (190 g\/m\u00b2) \u2022 Kankaan paino US (voi vaihdella 5 %): 4.42 oz.\/yd.\u00b2 (150 g\/m\u00b2) \u2022 Kaksisuuntainen joustokangas \u2022 Kosteutta siirt\u00e4v\u00e4 materiaali \u2022 Normaali istuvuus [&hellip;]\" \/>\n<meta property=\"og:url\" content=\"https:\/\/rounds.gg\/fi\/tuote\/rounds-tulevaisuuden-pelipaita-luke\/\" \/>\n<meta property=\"og:site_name\" content=\"ROUNDS\" \/>\n<meta property=\"og:image\" content=\"https:\/\/rounds.gg\/wp-content\/uploads\/2026\/01\/all-over-print-recycled-unisex-sports-jersey-white-back-6974e7991f35a.jpg\" \/>\n\t<meta property=\"og:image:width\" content=\"2000\" \/>\n\t<meta property=\"og:image:height\" content=\"2000\" \/>\n\t<meta property=\"og:image:type\" content=\"image\/jpeg\" \/>\n<meta name=\"twitter:card\" content=\"summary_large_image\" \/>\n<meta name=\"twitter:site\" content=\"@RoundsGG\" \/>\n<script type=\"application\/ld+json\" class=\"yoast-schema-graph\">{\"@context\":\"https:\\\/\\\/schema.org\",\"@graph\":[{\"@type\":\"WebPage\",\"@id\":\"https:\\\/\\\/rounds.gg\\\/fi\\\/tuote\\\/rounds-tulevaisuuden-pelipaita-luke\\\/\",\"url\":\"https:\\\/\\\/rounds.gg\\\/fi\\\/tuote\\\/rounds-tulevaisuuden-pelipaita-luke\\\/\",\"name\":\"ROUNDS Tulevaisuuden pelipaita - Luke - ROUNDS\",\"isPartOf\":{\"@id\":\"https:\\\/\\\/rounds.gg\\\/fi\\\/#website\"},\"primaryImageOfPage\":{\"@id\":\"https:\\\/\\\/rounds.gg\\\/fi\\\/tuote\\\/rounds-tulevaisuuden-pelipaita-luke\\\/#primaryimage\"},\"image\":{\"@id\":\"https:\\\/\\\/rounds.gg\\\/fi\\\/tuote\\\/rounds-tulevaisuuden-pelipaita-luke\\\/#primaryimage\"},\"thumbnailUrl\":\"https:\\\/\\\/rounds.gg\\\/wp-content\\\/uploads\\\/2026\\\/01\\\/all-over-print-recycled-unisex-sports-jersey-white-back-6974e7991f35a.jpg\",\"datePublished\":\"2026-01-24T15:39:26+00:00\",\"breadcrumb\":{\"@id\":\"https:\\\/\\\/rounds.gg\\\/fi\\\/tuote\\\/rounds-tulevaisuuden-pelipaita-luke\\\/#breadcrumb\"},\"inLanguage\":\"fi\",\"potentialAction\":[{\"@type\":\"ReadAction\",\"target\":[\"https:\\\/\\\/rounds.gg\\\/fi\\\/tuote\\\/rounds-tulevaisuuden-pelipaita-luke\\\/\"]}]},{\"@type\":\"ImageObject\",\"inLanguage\":\"fi\",\"@id\":\"https:\\\/\\\/rounds.gg\\\/fi\\\/tuote\\\/rounds-tulevaisuuden-pelipaita-luke\\\/#primaryimage\",\"url\":\"https:\\\/\\\/rounds.gg\\\/wp-content\\\/uploads\\\/2026\\\/01\\\/all-over-print-recycled-unisex-sports-jersey-white-back-6974e7991f35a.jpg\",\"contentUrl\":\"https:\\\/\\\/rounds.gg\\\/wp-content\\\/uploads\\\/2026\\\/01\\\/all-over-print-recycled-unisex-sports-jersey-white-back-6974e7991f35a.jpg\",\"width\":2000,\"height\":2000},{\"@type\":\"BreadcrumbList\",\"@id\":\"https:\\\/\\\/rounds.gg\\\/fi\\\/tuote\\\/rounds-tulevaisuuden-pelipaita-luke\\\/#breadcrumb\",\"itemListElement\":[{\"@type\":\"ListItem\",\"position\":1,\"name\":\"Home\",\"item\":\"https:\\\/\\\/rounds.gg\\\/fi\\\/etusivu\\\/\"},{\"@type\":\"ListItem\",\"position\":2,\"name\":\"Kauppa\",\"item\":\"https:\\\/\\\/rounds.gg\\\/fi\\\/kauppa\\\/\"},{\"@type\":\"ListItem\",\"position\":3,\"name\":\"ROUNDS Tulevaisuuden pelipaita &#8211; Luke\"}]},{\"@type\":\"WebSite\",\"@id\":\"https:\\\/\\\/rounds.gg\\\/fi\\\/#website\",\"url\":\"https:\\\/\\\/rounds.gg\\\/fi\\\/\",\"name\":\"ROUNDS\",\"description\":\"\",\"publisher\":{\"@id\":\"https:\\\/\\\/rounds.gg\\\/fi\\\/#organization\"},\"potentialAction\":[{\"@type\":\"SearchAction\",\"target\":{\"@type\":\"EntryPoint\",\"urlTemplate\":\"https:\\\/\\\/rounds.gg\\\/fi\\\/?s={search_term_string}\"},\"query-input\":{\"@type\":\"PropertyValueSpecification\",\"valueRequired\":true,\"valueName\":\"search_term_string\"}}],\"inLanguage\":\"fi\"},{\"@type\":\"Organization\",\"@id\":\"https:\\\/\\\/rounds.gg\\\/fi\\\/#organization\",\"name\":\"ROUNDS\",\"url\":\"https:\\\/\\\/rounds.gg\\\/fi\\\/\",\"logo\":{\"@type\":\"ImageObject\",\"inLanguage\":\"fi\",\"@id\":\"https:\\\/\\\/rounds.gg\\\/fi\\\/#\\\/schema\\\/logo\\\/image\\\/\",\"url\":\"https:\\\/\\\/rounds.gg\\\/wp-content\\\/uploads\\\/2025\\\/07\\\/transparent_classic_white350x350.png\",\"contentUrl\":\"https:\\\/\\\/rounds.gg\\\/wp-content\\\/uploads\\\/2025\\\/07\\\/transparent_classic_white350x350.png\",\"width\":1800,\"height\":1800,\"caption\":\"ROUNDS\"},\"image\":{\"@id\":\"https:\\\/\\\/rounds.gg\\\/fi\\\/#\\\/schema\\\/logo\\\/image\\\/\"},\"sameAs\":[\"https:\\\/\\\/x.com\\\/RoundsGG\",\"https:\\\/\\\/www.instagram.com\\\/roundsgg\\\/\",\"https:\\\/\\\/www.tiktok.com\\\/@roundsgg\",\"https:\\\/\\\/www.twitch.tv\\\/roundsgg\"]}]}<\/script>\n<!-- \/ Yoast SEO plugin. -->","yoast_head_json":{"title":"ROUNDS Tulevaisuuden pelipaita - Luke - ROUNDS","robots":{"index":"index","follow":"follow","max-snippet":"max-snippet:-1","max-image-preview":"max-image-preview:large","max-video-preview":"max-video-preview:-1"},"canonical":"https:\/\/rounds.gg\/fi\/tuote\/rounds-tulevaisuuden-pelipaita-luke\/","og_locale":"fi_FI","og_type":"article","og_title":"ROUNDS Tulevaisuuden pelipaita - Luke - ROUNDS","og_description":"NUKE-Liigan avajaiskauden virallinen ROUNDS Tulevaisuuden pelipaita, jota juniorijoukkue ja henkil\u00f6kunta k\u00e4ytt\u00e4v\u00e4t. Takana Luke 1 -painatus. Tuotetiedot \u2022 100 % kierr\u00e4tetty\u00e4 polyesterikangasta \u2022 Kankaan paino EU (voi vaihdella 5 %): 5.61 oz.\/yd.\u00b2 (190 g\/m\u00b2) \u2022 Kankaan paino US (voi vaihdella 5 %): 4.42 oz.\/yd.\u00b2 (150 g\/m\u00b2) \u2022 Kaksisuuntainen joustokangas \u2022 Kosteutta siirt\u00e4v\u00e4 materiaali \u2022 Normaali istuvuus [&hellip;]","og_url":"https:\/\/rounds.gg\/fi\/tuote\/rounds-tulevaisuuden-pelipaita-luke\/","og_site_name":"ROUNDS","og_image":[{"width":2000,"height":2000,"url":"https:\/\/rounds.gg\/wp-content\/uploads\/2026\/01\/all-over-print-recycled-unisex-sports-jersey-white-back-6974e7991f35a.jpg","type":"image\/jpeg"}],"twitter_card":"summary_large_image","twitter_site":"@RoundsGG","schema":{"@context":"https:\/\/schema.org","@graph":[{"@type":"WebPage","@id":"https:\/\/rounds.gg\/fi\/tuote\/rounds-tulevaisuuden-pelipaita-luke\/","url":"https:\/\/rounds.gg\/fi\/tuote\/rounds-tulevaisuuden-pelipaita-luke\/","name":"ROUNDS Tulevaisuuden pelipaita - Luke - ROUNDS","isPartOf":{"@id":"https:\/\/rounds.gg\/fi\/#website"},"primaryImageOfPage":{"@id":"https:\/\/rounds.gg\/fi\/tuote\/rounds-tulevaisuuden-pelipaita-luke\/#primaryimage"},"image":{"@id":"https:\/\/rounds.gg\/fi\/tuote\/rounds-tulevaisuuden-pelipaita-luke\/#primaryimage"},"thumbnailUrl":"https:\/\/rounds.gg\/wp-content\/uploads\/2026\/01\/all-over-print-recycled-unisex-sports-jersey-white-back-6974e7991f35a.jpg","datePublished":"2026-01-24T15:39:26+00:00","breadcrumb":{"@id":"https:\/\/rounds.gg\/fi\/tuote\/rounds-tulevaisuuden-pelipaita-luke\/#breadcrumb"},"inLanguage":"fi","potentialAction":[{"@type":"ReadAction","target":["https:\/\/rounds.gg\/fi\/tuote\/rounds-tulevaisuuden-pelipaita-luke\/"]}]},{"@type":"ImageObject","inLanguage":"fi","@id":"https:\/\/rounds.gg\/fi\/tuote\/rounds-tulevaisuuden-pelipaita-luke\/#primaryimage","url":"https:\/\/rounds.gg\/wp-content\/uploads\/2026\/01\/all-over-print-recycled-unisex-sports-jersey-white-back-6974e7991f35a.jpg","contentUrl":"https:\/\/rounds.gg\/wp-content\/uploads\/2026\/01\/all-over-print-recycled-unisex-sports-jersey-white-back-6974e7991f35a.jpg","width":2000,"height":2000},{"@type":"BreadcrumbList","@id":"https:\/\/rounds.gg\/fi\/tuote\/rounds-tulevaisuuden-pelipaita-luke\/#breadcrumb","itemListElement":[{"@type":"ListItem","position":1,"name":"Home","item":"https:\/\/rounds.gg\/fi\/etusivu\/"},{"@type":"ListItem","position":2,"name":"Kauppa","item":"https:\/\/rounds.gg\/fi\/kauppa\/"},{"@type":"ListItem","position":3,"name":"ROUNDS Tulevaisuuden pelipaita &#8211; Luke"}]},{"@type":"WebSite","@id":"https:\/\/rounds.gg\/fi\/#website","url":"https:\/\/rounds.gg\/fi\/","name":"ROUNDS","description":"","publisher":{"@id":"https:\/\/rounds.gg\/fi\/#organization"},"potentialAction":[{"@type":"SearchAction","target":{"@type":"EntryPoint","urlTemplate":"https:\/\/rounds.gg\/fi\/?s={search_term_string}"},"query-input":{"@type":"PropertyValueSpecification","valueRequired":true,"valueName":"search_term_string"}}],"inLanguage":"fi"},{"@type":"Organization","@id":"https:\/\/rounds.gg\/fi\/#organization","name":"ROUNDS","url":"https:\/\/rounds.gg\/fi\/","logo":{"@type":"ImageObject","inLanguage":"fi","@id":"https:\/\/rounds.gg\/fi\/#\/schema\/logo\/image\/","url":"https:\/\/rounds.gg\/wp-content\/uploads\/2025\/07\/transparent_classic_white350x350.png","contentUrl":"https:\/\/rounds.gg\/wp-content\/uploads\/2025\/07\/transparent_classic_white350x350.png","width":1800,"height":1800,"caption":"ROUNDS"},"image":{"@id":"https:\/\/rounds.gg\/fi\/#\/schema\/logo\/image\/"},"sameAs":["https:\/\/x.com\/RoundsGG","https:\/\/www.instagram.com\/roundsgg\/","https:\/\/www.tiktok.com\/@roundsgg","https:\/\/www.twitch.tv\/roundsgg"]}]}},"_links":{"self":[{"href":"https:\/\/rounds.gg\/fi\/wp-json\/wp\/v2\/product\/2955","targetHints":{"allow":["GET"]}}],"collection":[{"href":"https:\/\/rounds.gg\/fi\/wp-json\/wp\/v2\/product"}],"about":[{"href":"https:\/\/rounds.gg\/fi\/wp-json\/wp\/v2\/types\/product"}],"wp:featuredmedia":[{"embeddable":true,"href":"https:\/\/rounds.gg\/fi\/wp-json\/wp\/v2\/media\/3054"}],"wp:attachment":[{"href":"https:\/\/rounds.gg\/fi\/wp-json\/wp\/v2\/media?parent=2955"}],"wp:term":[{"taxonomy":"product_brand","embeddable":true,"href":"https:\/\/rounds.gg\/fi\/wp-json\/wp\/v2\/product_brand?post=2955"},{"taxonomy":"product_cat","embeddable":true,"href":"https:\/\/rounds.gg\/fi\/wp-json\/wp\/v2\/product_cat?post=2955"},{"taxonomy":"product_tag","embeddable":true,"href":"https:\/\/rounds.gg\/fi\/wp-json\/wp\/v2\/product_tag?post=2955"}],"curies":[{"name":"wp","href":"https:\/\/api.w.org\/{rel}","templated":true}]}}