{"id":2975,"date":"2025-11-20T15:17:32","date_gmt":"2025-11-20T13:17:32","guid":{"rendered":"https:\/\/rounds.gg\/product\/rounds-vesipullo\/"},"modified":"2025-11-20T15:17:32","modified_gmt":"2025-11-20T13:17:32","slug":"rounds-vesipullo","status":"publish","type":"product","link":"https:\/\/rounds.gg\/fi\/tuote\/rounds-vesipullo\/","title":{"rendered":"ROUNDS Vesipullo"},"content":{"rendered":"<p>500 ml vett\u00e4 tai valitsemaasi juomaa aidolla RNDS-tyylill\u00e4. Pit\u00e4\u00e4 juomasi halutussa l\u00e4mp\u00f6tilassa tuntikausia, niin liikkeell\u00e4 ollessasi kuin ty\u00f6p\u00f6yd\u00e4ll\u00e4kin. \u00c4l\u00e4 pid\u00e4 janoa sis\u00e4ll\u00e4si \u2013 pysy nesteytettyn\u00e4!  <\/p>\n<p>\u2022 Korkealaatuinen ruostumaton ter\u00e4s<br \/>\n\u2022 17 oz (500 ml)<br \/>\n\u2022 Mitat: 10.5\u2033 \u00d7 2.85\u2033 (27 \u00d7 7 cm)<br \/>\n\u2022 Termospullo<br \/>\n\u2022 Kaksisein\u00e4inen rakenne<br \/>\n\u2022 Keilapullon muotoinen<br \/>\n\u2022 Kiilt\u00e4v\u00e4 pinta<br \/>\n\u2022 Hajuton ja tiivis korkki<br \/>\n\u2022 Eristetty kuumille ja kylmille juomille (pit\u00e4\u00e4 nesteen kuumana tai kylm\u00e4n\u00e4 6 h)<br \/>\n\u2022 Patentoitu ORCA-pinnoite el\u00e4ville v\u00e4reille<br \/>\n\u2022 Vain k\u00e4sinpesu<br \/>\n\u2022 Tuote hankittu Kiinasta<\/p>\n<p>Huomautus: Veden s\u00e4ilytt\u00e4minen pullossa yli 24 tuntia on ep\u00e4hygieenist\u00e4 ja voi aiheuttaa ep\u00e4miellytt\u00e4v\u00e4n hajun.<\/p>\n<p>Ik\u00e4rajoitukset: Aikuisille<br \/>\nEU-takuu: 2 vuotta<br \/>\nMuut vaatimustenmukaisuustiedot: T\u00e4ytt\u00e4\u00e4 lyijyn, kadmiumin, raskasmetallien, aromaattisten amiinien ja BPA-tasojen vaatimukset.<\/p>\n<p>Yleisen tuoteturvallisuusasetuksen (GPSR) mukaisesti <b>Oak inc.<\/b> ja <b>SINDEN VENTURES LIMITED<\/b> varmistavat, ett\u00e4 kaikki tarjotut kuluttajatuotteet ovat turvallisia ja t\u00e4ytt\u00e4v\u00e4t EU-standardit. Kaikissa tuoteturvallisuuteen liittyviss\u00e4 kysymyksiss\u00e4 tai huolenaiheissa ota yhteytt\u00e4 EU-edustajaamme osoitteessa <b>gpsr@sindenventures.com<\/b>.  Voit my\u00f6s kirjoittaa meille osoitteeseen <b>123 Main Street, Anytown, Country<\/b> tai<b> Markou Evgenikou 11, Mesa Geitonia, 4002, Limassol, Kypros.<b><\/b><\/p>\n","protected":false},"excerpt":{"rendered":"<p>500 ml vett\u00e4 tai valitsemaasi juomaa aidolla RNDS-tyylill\u00e4. Pit\u00e4\u00e4 juomasi halutussa l\u00e4mp\u00f6tilassa tuntikausia, niin liikkeell\u00e4 ollessasi kuin ty\u00f6p\u00f6yd\u00e4ll\u00e4kin. \u00c4l\u00e4 pid\u00e4 janoa sis\u00e4ll\u00e4si \u2013 pysy nesteytettyn\u00e4! \u2022 Korkealaatuinen ruostumaton ter\u00e4s \u2022 17 oz (500 ml) \u2022 Mitat: 10.5\u2033 \u00d7 2.85\u2033 (27 \u00d7 7 cm) \u2022 Termospullo \u2022 Kaksisein\u00e4inen rakenne \u2022 Keilapullon muotoinen \u2022 Kiilt\u00e4v\u00e4 pinta \u2022 [&hellip;]<\/p>\n","protected":false},"featured_media":2976,"template":"","meta":[],"product_brand":[],"product_cat":[],"product_tag":[],"class_list":{"0":"post-2975","1":"product","2":"type-product","3":"status-publish","4":"has-post-thumbnail","7":"first","8":"instock","9":"taxable","10":"shipping-taxable","11":"purchasable","12":"product-type-simple"},"yoast_head":"<!-- This site is optimized with the Yoast SEO plugin v27.5 - https:\/\/yoast.com\/product\/yoast-seo-wordpress\/ -->\n<title>ROUNDS Vesipullo - ROUNDS<\/title>\n<meta name=\"robots\" content=\"index, follow, max-snippet:-1, max-image-preview:large, max-video-preview:-1\" \/>\n<link rel=\"canonical\" href=\"https:\/\/rounds.gg\/fi\/tuote\/rounds-vesipullo\/\" \/>\n<meta property=\"og:locale\" content=\"fi_FI\" \/>\n<meta property=\"og:type\" content=\"article\" \/>\n<meta property=\"og:title\" content=\"ROUNDS Vesipullo - ROUNDS\" \/>\n<meta property=\"og:description\" content=\"500 ml vett\u00e4 tai valitsemaasi juomaa aidolla RNDS-tyylill\u00e4. Pit\u00e4\u00e4 juomasi halutussa l\u00e4mp\u00f6tilassa tuntikausia, niin liikkeell\u00e4 ollessasi kuin ty\u00f6p\u00f6yd\u00e4ll\u00e4kin. \u00c4l\u00e4 pid\u00e4 janoa sis\u00e4ll\u00e4si \u2013 pysy nesteytettyn\u00e4! \u2022 Korkealaatuinen ruostumaton ter\u00e4s \u2022 17 oz (500 ml) \u2022 Mitat: 10.5\u2033 \u00d7 2.85\u2033 (27 \u00d7 7 cm) \u2022 Termospullo \u2022 Kaksisein\u00e4inen rakenne \u2022 Keilapullon muotoinen \u2022 Kiilt\u00e4v\u00e4 pinta \u2022 [&hellip;]\" \/>\n<meta property=\"og:url\" content=\"https:\/\/rounds.gg\/fi\/tuote\/rounds-vesipullo\/\" \/>\n<meta property=\"og:site_name\" content=\"ROUNDS\" \/>\n<meta property=\"og:image\" content=\"https:\/\/rounds.gg\/wp-content\/uploads\/2025\/11\/stainless-steel-water-bottle-black-17-oz-front-691f14e06d150.webp\" \/>\n\t<meta property=\"og:image:width\" content=\"1920\" \/>\n\t<meta property=\"og:image:height\" content=\"1920\" \/>\n\t<meta property=\"og:image:type\" content=\"image\/webp\" \/>\n<meta name=\"twitter:card\" content=\"summary_large_image\" \/>\n<meta name=\"twitter:site\" content=\"@RoundsGG\" \/>\n<meta name=\"twitter:label1\" content=\"Arvioitu lukuaika\" \/>\n\t<meta name=\"twitter:data1\" content=\"1 minuutti\" \/>\n<script type=\"application\/ld+json\" class=\"yoast-schema-graph\">{\"@context\":\"https:\\\/\\\/schema.org\",\"@graph\":[{\"@type\":\"WebPage\",\"@id\":\"https:\\\/\\\/rounds.gg\\\/fi\\\/tuote\\\/rounds-vesipullo\\\/\",\"url\":\"https:\\\/\\\/rounds.gg\\\/fi\\\/tuote\\\/rounds-vesipullo\\\/\",\"name\":\"ROUNDS Vesipullo - ROUNDS\",\"isPartOf\":{\"@id\":\"https:\\\/\\\/rounds.gg\\\/fi\\\/#website\"},\"primaryImageOfPage\":{\"@id\":\"https:\\\/\\\/rounds.gg\\\/fi\\\/tuote\\\/rounds-vesipullo\\\/#primaryimage\"},\"image\":{\"@id\":\"https:\\\/\\\/rounds.gg\\\/fi\\\/tuote\\\/rounds-vesipullo\\\/#primaryimage\"},\"thumbnailUrl\":\"https:\\\/\\\/rounds.gg\\\/wp-content\\\/uploads\\\/2025\\\/11\\\/stainless-steel-water-bottle-black-17-oz-front-691f14e06d150.webp\",\"datePublished\":\"2025-11-20T13:17:32+00:00\",\"breadcrumb\":{\"@id\":\"https:\\\/\\\/rounds.gg\\\/fi\\\/tuote\\\/rounds-vesipullo\\\/#breadcrumb\"},\"inLanguage\":\"fi\",\"potentialAction\":[{\"@type\":\"ReadAction\",\"target\":[\"https:\\\/\\\/rounds.gg\\\/fi\\\/tuote\\\/rounds-vesipullo\\\/\"]}]},{\"@type\":\"ImageObject\",\"inLanguage\":\"fi\",\"@id\":\"https:\\\/\\\/rounds.gg\\\/fi\\\/tuote\\\/rounds-vesipullo\\\/#primaryimage\",\"url\":\"https:\\\/\\\/rounds.gg\\\/wp-content\\\/uploads\\\/2025\\\/11\\\/stainless-steel-water-bottle-black-17-oz-front-691f14e06d150.webp\",\"contentUrl\":\"https:\\\/\\\/rounds.gg\\\/wp-content\\\/uploads\\\/2025\\\/11\\\/stainless-steel-water-bottle-black-17-oz-front-691f14e06d150.webp\",\"width\":1920,\"height\":1920},{\"@type\":\"BreadcrumbList\",\"@id\":\"https:\\\/\\\/rounds.gg\\\/fi\\\/tuote\\\/rounds-vesipullo\\\/#breadcrumb\",\"itemListElement\":[{\"@type\":\"ListItem\",\"position\":1,\"name\":\"Home\",\"item\":\"https:\\\/\\\/rounds.gg\\\/fi\\\/etusivu\\\/\"},{\"@type\":\"ListItem\",\"position\":2,\"name\":\"Kauppa\",\"item\":\"https:\\\/\\\/rounds.gg\\\/fi\\\/kauppa\\\/\"},{\"@type\":\"ListItem\",\"position\":3,\"name\":\"ROUNDS Vesipullo\"}]},{\"@type\":\"WebSite\",\"@id\":\"https:\\\/\\\/rounds.gg\\\/fi\\\/#website\",\"url\":\"https:\\\/\\\/rounds.gg\\\/fi\\\/\",\"name\":\"ROUNDS\",\"description\":\"\",\"publisher\":{\"@id\":\"https:\\\/\\\/rounds.gg\\\/fi\\\/#organization\"},\"potentialAction\":[{\"@type\":\"SearchAction\",\"target\":{\"@type\":\"EntryPoint\",\"urlTemplate\":\"https:\\\/\\\/rounds.gg\\\/fi\\\/?s={search_term_string}\"},\"query-input\":{\"@type\":\"PropertyValueSpecification\",\"valueRequired\":true,\"valueName\":\"search_term_string\"}}],\"inLanguage\":\"fi\"},{\"@type\":\"Organization\",\"@id\":\"https:\\\/\\\/rounds.gg\\\/fi\\\/#organization\",\"name\":\"ROUNDS\",\"url\":\"https:\\\/\\\/rounds.gg\\\/fi\\\/\",\"logo\":{\"@type\":\"ImageObject\",\"inLanguage\":\"fi\",\"@id\":\"https:\\\/\\\/rounds.gg\\\/fi\\\/#\\\/schema\\\/logo\\\/image\\\/\",\"url\":\"https:\\\/\\\/rounds.gg\\\/wp-content\\\/uploads\\\/2025\\\/07\\\/transparent_classic_white350x350.png\",\"contentUrl\":\"https:\\\/\\\/rounds.gg\\\/wp-content\\\/uploads\\\/2025\\\/07\\\/transparent_classic_white350x350.png\",\"width\":1800,\"height\":1800,\"caption\":\"ROUNDS\"},\"image\":{\"@id\":\"https:\\\/\\\/rounds.gg\\\/fi\\\/#\\\/schema\\\/logo\\\/image\\\/\"},\"sameAs\":[\"https:\\\/\\\/x.com\\\/RoundsGG\",\"https:\\\/\\\/www.instagram.com\\\/roundsgg\\\/\",\"https:\\\/\\\/www.tiktok.com\\\/@roundsgg\",\"https:\\\/\\\/www.twitch.tv\\\/roundsgg\"]}]}<\/script>\n<!-- \/ Yoast SEO plugin. -->","yoast_head_json":{"title":"ROUNDS Vesipullo - ROUNDS","robots":{"index":"index","follow":"follow","max-snippet":"max-snippet:-1","max-image-preview":"max-image-preview:large","max-video-preview":"max-video-preview:-1"},"canonical":"https:\/\/rounds.gg\/fi\/tuote\/rounds-vesipullo\/","og_locale":"fi_FI","og_type":"article","og_title":"ROUNDS Vesipullo - ROUNDS","og_description":"500 ml vett\u00e4 tai valitsemaasi juomaa aidolla RNDS-tyylill\u00e4. Pit\u00e4\u00e4 juomasi halutussa l\u00e4mp\u00f6tilassa tuntikausia, niin liikkeell\u00e4 ollessasi kuin ty\u00f6p\u00f6yd\u00e4ll\u00e4kin. \u00c4l\u00e4 pid\u00e4 janoa sis\u00e4ll\u00e4si \u2013 pysy nesteytettyn\u00e4! \u2022 Korkealaatuinen ruostumaton ter\u00e4s \u2022 17 oz (500 ml) \u2022 Mitat: 10.5\u2033 \u00d7 2.85\u2033 (27 \u00d7 7 cm) \u2022 Termospullo \u2022 Kaksisein\u00e4inen rakenne \u2022 Keilapullon muotoinen \u2022 Kiilt\u00e4v\u00e4 pinta \u2022 [&hellip;]","og_url":"https:\/\/rounds.gg\/fi\/tuote\/rounds-vesipullo\/","og_site_name":"ROUNDS","og_image":[{"width":1920,"height":1920,"url":"https:\/\/rounds.gg\/wp-content\/uploads\/2025\/11\/stainless-steel-water-bottle-black-17-oz-front-691f14e06d150.webp","type":"image\/webp"}],"twitter_card":"summary_large_image","twitter_site":"@RoundsGG","twitter_misc":{"Arvioitu lukuaika":"1 minuutti"},"schema":{"@context":"https:\/\/schema.org","@graph":[{"@type":"WebPage","@id":"https:\/\/rounds.gg\/fi\/tuote\/rounds-vesipullo\/","url":"https:\/\/rounds.gg\/fi\/tuote\/rounds-vesipullo\/","name":"ROUNDS Vesipullo - ROUNDS","isPartOf":{"@id":"https:\/\/rounds.gg\/fi\/#website"},"primaryImageOfPage":{"@id":"https:\/\/rounds.gg\/fi\/tuote\/rounds-vesipullo\/#primaryimage"},"image":{"@id":"https:\/\/rounds.gg\/fi\/tuote\/rounds-vesipullo\/#primaryimage"},"thumbnailUrl":"https:\/\/rounds.gg\/wp-content\/uploads\/2025\/11\/stainless-steel-water-bottle-black-17-oz-front-691f14e06d150.webp","datePublished":"2025-11-20T13:17:32+00:00","breadcrumb":{"@id":"https:\/\/rounds.gg\/fi\/tuote\/rounds-vesipullo\/#breadcrumb"},"inLanguage":"fi","potentialAction":[{"@type":"ReadAction","target":["https:\/\/rounds.gg\/fi\/tuote\/rounds-vesipullo\/"]}]},{"@type":"ImageObject","inLanguage":"fi","@id":"https:\/\/rounds.gg\/fi\/tuote\/rounds-vesipullo\/#primaryimage","url":"https:\/\/rounds.gg\/wp-content\/uploads\/2025\/11\/stainless-steel-water-bottle-black-17-oz-front-691f14e06d150.webp","contentUrl":"https:\/\/rounds.gg\/wp-content\/uploads\/2025\/11\/stainless-steel-water-bottle-black-17-oz-front-691f14e06d150.webp","width":1920,"height":1920},{"@type":"BreadcrumbList","@id":"https:\/\/rounds.gg\/fi\/tuote\/rounds-vesipullo\/#breadcrumb","itemListElement":[{"@type":"ListItem","position":1,"name":"Home","item":"https:\/\/rounds.gg\/fi\/etusivu\/"},{"@type":"ListItem","position":2,"name":"Kauppa","item":"https:\/\/rounds.gg\/fi\/kauppa\/"},{"@type":"ListItem","position":3,"name":"ROUNDS Vesipullo"}]},{"@type":"WebSite","@id":"https:\/\/rounds.gg\/fi\/#website","url":"https:\/\/rounds.gg\/fi\/","name":"ROUNDS","description":"","publisher":{"@id":"https:\/\/rounds.gg\/fi\/#organization"},"potentialAction":[{"@type":"SearchAction","target":{"@type":"EntryPoint","urlTemplate":"https:\/\/rounds.gg\/fi\/?s={search_term_string}"},"query-input":{"@type":"PropertyValueSpecification","valueRequired":true,"valueName":"search_term_string"}}],"inLanguage":"fi"},{"@type":"Organization","@id":"https:\/\/rounds.gg\/fi\/#organization","name":"ROUNDS","url":"https:\/\/rounds.gg\/fi\/","logo":{"@type":"ImageObject","inLanguage":"fi","@id":"https:\/\/rounds.gg\/fi\/#\/schema\/logo\/image\/","url":"https:\/\/rounds.gg\/wp-content\/uploads\/2025\/07\/transparent_classic_white350x350.png","contentUrl":"https:\/\/rounds.gg\/wp-content\/uploads\/2025\/07\/transparent_classic_white350x350.png","width":1800,"height":1800,"caption":"ROUNDS"},"image":{"@id":"https:\/\/rounds.gg\/fi\/#\/schema\/logo\/image\/"},"sameAs":["https:\/\/x.com\/RoundsGG","https:\/\/www.instagram.com\/roundsgg\/","https:\/\/www.tiktok.com\/@roundsgg","https:\/\/www.twitch.tv\/roundsgg"]}]}},"_links":{"self":[{"href":"https:\/\/rounds.gg\/fi\/wp-json\/wp\/v2\/product\/2975","targetHints":{"allow":["GET"]}}],"collection":[{"href":"https:\/\/rounds.gg\/fi\/wp-json\/wp\/v2\/product"}],"about":[{"href":"https:\/\/rounds.gg\/fi\/wp-json\/wp\/v2\/types\/product"}],"wp:featuredmedia":[{"embeddable":true,"href":"https:\/\/rounds.gg\/fi\/wp-json\/wp\/v2\/media\/2976"}],"wp:attachment":[{"href":"https:\/\/rounds.gg\/fi\/wp-json\/wp\/v2\/media?parent=2975"}],"wp:term":[{"taxonomy":"product_brand","embeddable":true,"href":"https:\/\/rounds.gg\/fi\/wp-json\/wp\/v2\/product_brand?post=2975"},{"taxonomy":"product_cat","embeddable":true,"href":"https:\/\/rounds.gg\/fi\/wp-json\/wp\/v2\/product_cat?post=2975"},{"taxonomy":"product_tag","embeddable":true,"href":"https:\/\/rounds.gg\/fi\/wp-json\/wp\/v2\/product_tag?post=2975"}],"curies":[{"name":"wp","href":"https:\/\/api.w.org\/{rel}","templated":true}]}}